{"id":515294,"date":"2025-01-25T01:11:47","date_gmt":"2025-01-25T00:11:47","guid":{"rendered":"https:\/\/shop.kustom.ch\/?post_type=product&#038;p=515294"},"modified":"2026-03-31T09:34:12","modified_gmt":"2026-03-31T08:34:12","slug":"prime-t","status":"publish","type":"product","link":"https:\/\/shop.kustom.ch\/it\/prodotto\/prime-t\/","title":{"rendered":"Primo T"},"content":{"rendered":"<p>T-shirt bicolore dalla vestibilit\u00e0 moderna in policotone. Collo a costine con quattro strati per una migliore stabilit\u00e0 ed elastan per un comfort ideale. Il cotone \u00e8 filato ad anelli, prelavato e trattato con enzimi per una sensazione di morbidezza.  Etichetta del collo a strappo ed etichetta della taglia tessuta a parte. Nella cucitura interna del lato sinistro \u00e8 presente una tasca per inserire il chip del bucato. Certificato Oeko-Tex 100. Polisacco compostabile.<\/p>\n<p>Materiale: cotone organico 60%, poliestere riciclato 40%, 180 g\/m\u00b2.<\/p>","protected":false},"excerpt":{"rendered":"<p>Zweifarbiges T-Shirt in moderner Passform aus Poly-Cotton. Halsrippe mit vier Lagen f\u00fcr bessere Stabilit\u00e4t und Elasthan f\u00fcr idealen Tragekomfort. Die Baumwolle ist ringgesponnen, vorgeschrumpft und Enzymbehandelt f\u00fcr ein weiches Tragegef\u00fchl. Ausreissbares Nackenetikett und separates gewebtes Gr\u00f6ssenetikett. In der inneren linken Seitennaht ist eine Tasche zum Einn\u00e4hen eines W\u00e4schechip. \u00d6ko-Tex 100 zertifiziert. Kompostierbaren Polybag. Material: 60% [&hellip;]<\/p>\n","protected":false},"featured_media":515323,"template":"","meta":[],"product_brand":[],"product_cat":[4201],"product_tag":[],"class_list":{"0":"post-515294","1":"product","2":"type-product","3":"status-publish","4":"has-post-thumbnail","6":"product_cat-t-shirts","7":"pa_brand-printer-prime","8":"pa_brand-type-sportswear","9":"pa_filter-color-blau","10":"pa_filter-color-grau","11":"pa_filter-color-orange","12":"pa_filter-color-rot","13":"pa_filter-color-schwarz","15":"first","16":"instock","17":"sale","18":"taxable","19":"shipping-taxable","20":"purchasable","21":"product-type-variable","22":"add-to-wishlist-before_image"},"exclude_global_add_ons":[],"addons":[],"acf":[],"_links":{"self":[{"href":"https:\/\/shop.kustom.ch\/it\/wp-json\/wp\/v2\/product\/515294"}],"collection":[{"href":"https:\/\/shop.kustom.ch\/it\/wp-json\/wp\/v2\/product"}],"about":[{"href":"https:\/\/shop.kustom.ch\/it\/wp-json\/wp\/v2\/types\/product"}],"wp:featuredmedia":[{"embeddable":true,"href":"https:\/\/shop.kustom.ch\/it\/wp-json\/wp\/v2\/media\/515323"}],"wp:attachment":[{"href":"https:\/\/shop.kustom.ch\/it\/wp-json\/wp\/v2\/media?parent=515294"}],"wp:term":[{"taxonomy":"product_brand","embeddable":true,"href":"https:\/\/shop.kustom.ch\/it\/wp-json\/wp\/v2\/product_brand?post=515294"},{"taxonomy":"product_cat","embeddable":true,"href":"https:\/\/shop.kustom.ch\/it\/wp-json\/wp\/v2\/product_cat?post=515294"},{"taxonomy":"product_tag","embeddable":true,"href":"https:\/\/shop.kustom.ch\/it\/wp-json\/wp\/v2\/product_tag?post=515294"}],"curies":[{"name":"wp","href":"https:\/\/api.w.org\/{rel}","templated":true}]}}