{"id":515227,"date":"2025-01-25T01:11:32","date_gmt":"2025-01-25T00:11:32","guid":{"rendered":"https:\/\/shop.kustom.ch\/?post_type=product&#038;p=515227"},"modified":"2026-03-31T09:35:22","modified_gmt":"2026-03-31T08:35:22","slug":"prime-softshell-lady","status":"publish","type":"product","link":"https:\/\/shop.kustom.ch\/it\/prodotto\/prime-softshell-lady\/","title":{"rendered":"Prime Softshell Lady"},"content":{"rendered":"<p>Giacca softshell bicolore con cappuccio staccabile. Zip a tutta lunghezza in colore a contrasto sul davanti e sulle tasche anteriori. Tiretto della zip in colore a contrasto. I tirazip di ricambio in molti colori sono disponibili separatamente. Polsini regolabili con velcro, cappuccio e orlo inferiore elasticizzati. Etichetta del collo a strappo ed etichetta della taglia tessuta a parte. Nella cucitura interna del lato sinistro \u00e8 presente una tasca per inserire il chip del bucato.  Certificato Oeko-Tex 100. Confezionato in un sacchetto di plastica compostabile.<\/p>\n<p>Materiale: esterno: poliestere riciclato 100%, 280 g\/m\u00b2, interno: pile di poliestere riciclato 100%, WP 3000\/ MVP 3000. fodera: poliestere riciclato 100%.<\/p>","protected":false},"excerpt":{"rendered":"<p>Zweifarbige Softshell Jacke mit abnehmbarer Kapuze. Durchgehender, kontrastfarbiger Reissverschluss vorne und an den Vordertaschen. Zip Puller in Kontrastfarbe. Ersatz Zip Puller in vielen Farben sind separat erh\u00e4ltlich. Verstellbare Klettb\u00e4nder an den \u00c4rmelabschl\u00fcssen und Gummizug an der Kapuze und am unteren Saum. Ausreissbares Nackenetikett und separates gewebtes Gr\u00f6ssenetikett. In der inneren linken Seitennaht ist eine Tasche [&hellip;]<\/p>\n","protected":false},"featured_media":515280,"template":"","meta":[],"product_brand":[],"product_cat":[4186],"product_tag":[],"class_list":{"0":"post-515227","1":"product","2":"type-product","3":"status-publish","4":"has-post-thumbnail","6":"product_cat-jacken","7":"pa_brand-printer-prime","8":"pa_brand-type-sportswear","9":"pa_filter-color-blau","10":"pa_filter-color-grau","11":"pa_filter-color-orange","12":"pa_filter-color-rot","13":"pa_filter-color-schwarz","15":"first","16":"instock","17":"sale","18":"taxable","19":"shipping-taxable","20":"purchasable","21":"product-type-variable","22":"add-to-wishlist-before_image"},"exclude_global_add_ons":[],"addons":[],"acf":[],"_links":{"self":[{"href":"https:\/\/shop.kustom.ch\/it\/wp-json\/wp\/v2\/product\/515227"}],"collection":[{"href":"https:\/\/shop.kustom.ch\/it\/wp-json\/wp\/v2\/product"}],"about":[{"href":"https:\/\/shop.kustom.ch\/it\/wp-json\/wp\/v2\/types\/product"}],"wp:featuredmedia":[{"embeddable":true,"href":"https:\/\/shop.kustom.ch\/it\/wp-json\/wp\/v2\/media\/515280"}],"wp:attachment":[{"href":"https:\/\/shop.kustom.ch\/it\/wp-json\/wp\/v2\/media?parent=515227"}],"wp:term":[{"taxonomy":"product_brand","embeddable":true,"href":"https:\/\/shop.kustom.ch\/it\/wp-json\/wp\/v2\/product_brand?post=515227"},{"taxonomy":"product_cat","embeddable":true,"href":"https:\/\/shop.kustom.ch\/it\/wp-json\/wp\/v2\/product_cat?post=515227"},{"taxonomy":"product_tag","embeddable":true,"href":"https:\/\/shop.kustom.ch\/it\/wp-json\/wp\/v2\/product_tag?post=515227"}],"curies":[{"name":"wp","href":"https:\/\/api.w.org\/{rel}","templated":true}]}}