{"id":515091,"date":"2025-01-25T01:10:53","date_gmt":"2025-01-25T00:10:53","guid":{"rendered":"https:\/\/shop.kustom.ch\/?post_type=product&#038;p=515091"},"modified":"2026-03-31T09:34:53","modified_gmt":"2026-03-31T08:34:53","slug":"prime-polo-lady","status":"publish","type":"product","link":"https:\/\/shop.kustom.ch\/it\/prodotto\/prime-polo-lady\/","title":{"rendered":"Prima donna del Polo"},"content":{"rendered":"<p>Polo in piqu\u00e9 bicolore con strisce a contrasto sul colletto. Abbottonatura con tre bottoni per gli uomini e colletto aperto senza bottoni per le donne. Nastro a contrasto sul collo e sugli spacchi laterali. Etichetta da strappare sul collo e etichetta separata<br \/>\nEtichetta della taglia tessuta. Nella cucitura interna del lato sinistro \u00e8 presente una tasca per cucire il chip del bucato. Certificato Oeko-Tex 100. Polisacco compostabile.<\/p>\n<p>Materiale: cotone organico 60%, poliestere riciclato 40%, 200 g\/m\u00b2.<\/p>","protected":false},"excerpt":{"rendered":"<p>Zweifarbiges Polo Piqu\u00e9 mit Kontraststreifen am Kragen. Knopfleiste mit drei Kn\u00f6pfen bei den Herren und ein offener Kragen ohne Kn\u00f6pfe bei den Damen. Kontrastband im Nacken und an den Seitenschlitzen. Ausreissbares Nackenetikett und separates gewebtes Gr\u00f6ssenetikett. In der inneren linken Seitennaht befindet sich eine Tasche zum Einn\u00e4hen eines W\u00e4schechips. \u00d6ko-Tex 100 zertifiziert. Kompostierbaren Polybag. Material: [&hellip;]<\/p>\n","protected":false},"featured_media":515121,"template":"","meta":[],"product_brand":[],"product_cat":[4193],"product_tag":[],"class_list":{"0":"post-515091","1":"product","2":"type-product","3":"status-publish","4":"has-post-thumbnail","6":"product_cat-polos","7":"pa_brand-printer-prime","8":"pa_brand-type-sportswear","9":"pa_filter-color-blau","10":"pa_filter-color-grau","11":"pa_filter-color-orange","12":"pa_filter-color-rot","13":"pa_filter-color-schwarz","15":"first","16":"instock","17":"sale","18":"taxable","19":"shipping-taxable","20":"purchasable","21":"product-type-variable","22":"add-to-wishlist-before_image"},"exclude_global_add_ons":[],"addons":[],"acf":[],"_links":{"self":[{"href":"https:\/\/shop.kustom.ch\/it\/wp-json\/wp\/v2\/product\/515091"}],"collection":[{"href":"https:\/\/shop.kustom.ch\/it\/wp-json\/wp\/v2\/product"}],"about":[{"href":"https:\/\/shop.kustom.ch\/it\/wp-json\/wp\/v2\/types\/product"}],"wp:featuredmedia":[{"embeddable":true,"href":"https:\/\/shop.kustom.ch\/it\/wp-json\/wp\/v2\/media\/515121"}],"wp:attachment":[{"href":"https:\/\/shop.kustom.ch\/it\/wp-json\/wp\/v2\/media?parent=515091"}],"wp:term":[{"taxonomy":"product_brand","embeddable":true,"href":"https:\/\/shop.kustom.ch\/it\/wp-json\/wp\/v2\/product_brand?post=515091"},{"taxonomy":"product_cat","embeddable":true,"href":"https:\/\/shop.kustom.ch\/it\/wp-json\/wp\/v2\/product_cat?post=515091"},{"taxonomy":"product_tag","embeddable":true,"href":"https:\/\/shop.kustom.ch\/it\/wp-json\/wp\/v2\/product_tag?post=515091"}],"curies":[{"name":"wp","href":"https:\/\/api.w.org\/{rel}","templated":true}]}}