{"id":514889,"date":"2025-01-25T01:10:04","date_gmt":"2025-01-25T00:10:04","guid":{"rendered":"https:\/\/shop.kustom.ch\/?post_type=product&#038;p=514889"},"modified":"2026-03-31T09:35:07","modified_gmt":"2026-03-31T08:35:07","slug":"prime-hoodie","status":"publish","type":"product","link":"https:\/\/shop.kustom.ch\/it\/prodotto\/prime-hoodie\/","title":{"rendered":"Felpa con cappuccio Prime"},"content":{"rendered":"<p>Maglia con cappuccio bicolore. Nastro a contrasto sul collo. Tasca a canguro. Polsini e orlo a coste 2\u00d72. Etichetta del collo a strappo ed etichetta della taglia tessuta a parte. Nella cucitura interna del lato sinistro \u00e8 presente una tasca per inserire il chip del bucato. Certificato Oeko-Tex 100. Polisacco compostabile.<\/p>\n<p>Materiale: 50% cotone organico, 50% poliestere riciclato, 280 g\/m\u00b2<\/p>","protected":false},"excerpt":{"rendered":"<p>Zweifarbiges Kapuzensweater. Kontrastband im Nacken. K\u00e4nguru Tasche. 2&#215;2 Rippabschl\u00fcsse am Armeln und Saum. Ausreissbares Nackenetikett und separates gewebtes Gr\u00f6ssenetikett. In der inneren linken Seitennaht ist eine Tasche zum Einn\u00e4hen eines W\u00e4schechips. Oeko-Tex 100 zertifiziert. Kompostierbaren Polybag. Material: 50% Organic Baumwolle, 50% Recycling-Polyester, 280 g\/m\u00b2<\/p>","protected":false},"featured_media":514907,"template":"","meta":[],"product_brand":[],"product_cat":[4191],"product_tag":[],"class_list":{"0":"post-514889","1":"product","2":"type-product","3":"status-publish","4":"has-post-thumbnail","6":"product_cat-longsleeves-sweatshirts","7":"pa_brand-printer-prime","8":"pa_brand-type-sportswear","9":"pa_filter-color-blau","10":"pa_filter-color-grau","11":"pa_filter-color-orange","12":"pa_filter-color-rot","13":"pa_filter-color-schwarz","15":"first","16":"instock","17":"sale","18":"taxable","19":"shipping-taxable","20":"purchasable","21":"product-type-variable","22":"add-to-wishlist-before_image"},"exclude_global_add_ons":[],"addons":[],"acf":[],"_links":{"self":[{"href":"https:\/\/shop.kustom.ch\/it\/wp-json\/wp\/v2\/product\/514889"}],"collection":[{"href":"https:\/\/shop.kustom.ch\/it\/wp-json\/wp\/v2\/product"}],"about":[{"href":"https:\/\/shop.kustom.ch\/it\/wp-json\/wp\/v2\/types\/product"}],"wp:featuredmedia":[{"embeddable":true,"href":"https:\/\/shop.kustom.ch\/it\/wp-json\/wp\/v2\/media\/514907"}],"wp:attachment":[{"href":"https:\/\/shop.kustom.ch\/it\/wp-json\/wp\/v2\/media?parent=514889"}],"wp:term":[{"taxonomy":"product_brand","embeddable":true,"href":"https:\/\/shop.kustom.ch\/it\/wp-json\/wp\/v2\/product_brand?post=514889"},{"taxonomy":"product_cat","embeddable":true,"href":"https:\/\/shop.kustom.ch\/it\/wp-json\/wp\/v2\/product_cat?post=514889"},{"taxonomy":"product_tag","embeddable":true,"href":"https:\/\/shop.kustom.ch\/it\/wp-json\/wp\/v2\/product_tag?post=514889"}],"curies":[{"name":"wp","href":"https:\/\/api.w.org\/{rel}","templated":true}]}}