{"id":514593,"date":"2025-01-25T01:02:41","date_gmt":"2025-01-25T00:02:41","guid":{"rendered":"https:\/\/shop.kustom.ch\/?post_type=product&#038;p=514593"},"modified":"2026-03-31T09:52:11","modified_gmt":"2026-03-31T08:52:11","slug":"ultra","status":"publish","type":"product","link":"https:\/\/shop.kustom.ch\/it\/prodotto\/ultra\/","title":{"rendered":"Ultra"},"content":{"rendered":"<p>Pantaloni da lavoro dal look sportivo e moderno. Possono essere trasformati in pantaloncini grazie alle gambe staccabili con zip. I pantaloni sono molto comodi grazie alla qualit\u00e0 stretch e all'elastico in vita. Due tasche anteriori in jeans. La tasca anteriore sinistra ha un posto separato per il telefono. Due tasche con zip sulle cosce e una tasca posteriore. Passante per appendere i pantaloni in vita. Doppio orlo per allungare i pantaloni di 5 cm. All'interno della cucitura laterale sinistra \u00e8 presente una tasca per inserire un chip per il bucato. Polisacco compostabile.<\/p>\n<p>Materiale: 92% poliammide riciclata, 8% elastan, 265 g\/m\u00b2<\/p>","protected":false},"excerpt":{"rendered":"<p>Arbeitshose mit sportlich-modernem Look. Kann durch abnehmbare Beine mit Reissverschluss in Shorts verwandelt werden. Die Hose ist aufgrund ihrer Stretch-Qualit\u00e4t und des elastischen Bunds sehr komfortabel. Zwei vordere Jeans-Taschen. Die linke vordere Tasche hat einen separaten Platz f\u00fcr Ihr Telefon. Zwei Reissverschluss-Oberschenkeltaschen und eine Ges\u00e4sstasche. Aufh\u00e4ngeschlaufe am Bund. Doppelter Saum, um die Hose um 5 [&hellip;]<\/p>\n","protected":false},"featured_media":514610,"template":"","meta":[],"product_brand":[],"product_cat":[4185],"product_tag":[],"class_list":{"0":"post-514593","1":"product","2":"type-product","3":"status-publish","4":"has-post-thumbnail","6":"product_cat-hosen","7":"pa_brand-printer","8":"pa_brand-type-sportswear","9":"pa_filter-color-blau","10":"pa_filter-color-schwarz","12":"first","13":"instock","14":"sale","15":"taxable","16":"shipping-taxable","17":"purchasable","18":"product-type-variable","19":"add-to-wishlist-before_image"},"exclude_global_add_ons":[],"addons":[],"acf":[],"_links":{"self":[{"href":"https:\/\/shop.kustom.ch\/it\/wp-json\/wp\/v2\/product\/514593"}],"collection":[{"href":"https:\/\/shop.kustom.ch\/it\/wp-json\/wp\/v2\/product"}],"about":[{"href":"https:\/\/shop.kustom.ch\/it\/wp-json\/wp\/v2\/types\/product"}],"wp:featuredmedia":[{"embeddable":true,"href":"https:\/\/shop.kustom.ch\/it\/wp-json\/wp\/v2\/media\/514610"}],"wp:attachment":[{"href":"https:\/\/shop.kustom.ch\/it\/wp-json\/wp\/v2\/media?parent=514593"}],"wp:term":[{"taxonomy":"product_brand","embeddable":true,"href":"https:\/\/shop.kustom.ch\/it\/wp-json\/wp\/v2\/product_brand?post=514593"},{"taxonomy":"product_cat","embeddable":true,"href":"https:\/\/shop.kustom.ch\/it\/wp-json\/wp\/v2\/product_cat?post=514593"},{"taxonomy":"product_tag","embeddable":true,"href":"https:\/\/shop.kustom.ch\/it\/wp-json\/wp\/v2\/product_tag?post=514593"}],"curies":[{"name":"wp","href":"https:\/\/api.w.org\/{rel}","templated":true}]}}