{"id":511588,"date":"2025-01-25T00:50:16","date_gmt":"2025-01-24T23:50:16","guid":{"rendered":"https:\/\/shop.kustom.ch\/?post_type=product&#038;p=511588"},"modified":"2026-03-31T09:51:20","modified_gmt":"2026-03-31T08:51:20","slug":"heavy-t-shirt-rsx","status":"publish","type":"product","link":"https:\/\/shop.kustom.ch\/it\/prodotto\/heavy-t-shirt-rsx\/","title":{"rendered":"MAGLIETTA PESANTE RSX"},"content":{"rendered":"<p>T-shirt moderna e aderente alla figura, con cuciture rinforzate sulle spalle e doppie cuciture sul collo. Polsini con elastan e fascia del collo a quattro strati per una maggiore tenuta della forma. Uomo senza cuciture laterali, donna con cuciture laterali.<\/p>\n<p>Materiale: cotone 100%, 160 G\/M\u00b2<\/p>","protected":false},"excerpt":{"rendered":"<p>Figurnah geschnittenes, modernes T-Shirt mit Verst\u00e4rkungen der Schultern\u00e4hte und Doppeln\u00e4hten am Halsb\u00fcndchen. B\u00fcndchen mit Elasthan und mit vierlagigem Nackenb\u00fcndchen f\u00fcr mehr Formstabilit\u00e4t. Herren ohne Seitenn\u00e4hte, bei den Damen mit Seitenn\u00e4hten. Material: 100% Baumwolle, 160 G\/M\u00b2<\/p>","protected":false},"featured_media":511599,"template":"","meta":[],"product_brand":[],"product_cat":[4201],"product_tag":[],"class_list":{"0":"post-511588","1":"product","2":"type-product","3":"status-publish","4":"has-post-thumbnail","6":"product_cat-t-shirts","7":"pa_brand-printer","8":"pa_brand-type-sportswear","9":"pa_filter-color-beige","10":"pa_filter-color-blau","11":"pa_filter-color-gelb","12":"pa_filter-color-grau","13":"pa_filter-color-gruen","14":"pa_filter-color-rot","15":"pa_filter-color-schwarz","16":"pa_filter-color-weiss","18":"first","19":"instock","20":"sale","21":"taxable","22":"shipping-taxable","23":"purchasable","24":"product-type-variable","25":"add-to-wishlist-before_image"},"exclude_global_add_ons":[],"addons":[],"acf":[],"_links":{"self":[{"href":"https:\/\/shop.kustom.ch\/it\/wp-json\/wp\/v2\/product\/511588"}],"collection":[{"href":"https:\/\/shop.kustom.ch\/it\/wp-json\/wp\/v2\/product"}],"about":[{"href":"https:\/\/shop.kustom.ch\/it\/wp-json\/wp\/v2\/types\/product"}],"wp:featuredmedia":[{"embeddable":true,"href":"https:\/\/shop.kustom.ch\/it\/wp-json\/wp\/v2\/media\/511599"}],"wp:attachment":[{"href":"https:\/\/shop.kustom.ch\/it\/wp-json\/wp\/v2\/media?parent=511588"}],"wp:term":[{"taxonomy":"product_brand","embeddable":true,"href":"https:\/\/shop.kustom.ch\/it\/wp-json\/wp\/v2\/product_brand?post=511588"},{"taxonomy":"product_cat","embeddable":true,"href":"https:\/\/shop.kustom.ch\/it\/wp-json\/wp\/v2\/product_cat?post=511588"},{"taxonomy":"product_tag","embeddable":true,"href":"https:\/\/shop.kustom.ch\/it\/wp-json\/wp\/v2\/product_tag?post=511588"}],"curies":[{"name":"wp","href":"https:\/\/api.w.org\/{rel}","templated":true}]}}