{"id":510760,"date":"2025-01-25T00:46:48","date_gmt":"2025-01-24T23:46:48","guid":{"rendered":"https:\/\/shop.kustom.ch\/?post_type=product&#038;p=510760"},"modified":"2026-03-31T09:54:58","modified_gmt":"2026-03-31T08:54:58","slug":"fastpitch-lady","status":"publish","type":"product","link":"https:\/\/shop.kustom.ch\/it\/prodotto\/fastpitch-lady\/","title":{"rendered":"LADY VELOCE"},"content":{"rendered":"<p>Maglia con cappuccio e mezza luna nel collo. Polsini a coste 2\u00d72 sulle maniche e sull'orlo. Tappi di corda in colore contrastante, acquistabili anche in altri colori e sostituibili.<\/p>\n<p>Materiale: cotone 60% poliestere 40%<\/p>","protected":false},"excerpt":{"rendered":"<p>Kapuzensweater mit Halbmond im Nacken. Gerippte 2&#215;2 B\u00fcndchen an den \u00c4rmeln sowie am Saumende. Kordelstopper in Kontrastfarbe, diese k\u00f6nnen auch in weiteren Farben zus\u00e4tzlich gekauft und ausgetauscht werden. Material: 60% Baumwolle 40% Polyester<\/p>","protected":false},"featured_media":510770,"template":"","meta":[],"product_brand":[],"product_cat":[4191],"product_tag":[],"class_list":{"0":"post-510760","1":"product","2":"type-product","3":"status-publish","4":"has-post-thumbnail","6":"product_cat-longsleeves-sweatshirts","7":"pa_brand-printer","8":"pa_brand-type-sportswear","9":"pa_filter-color-blau","10":"pa_filter-color-grau","11":"pa_filter-color-gruen","12":"pa_filter-color-rot","13":"pa_filter-color-schwarz","14":"pa_filter-color-weiss","16":"first","17":"instock","18":"sale","19":"taxable","20":"shipping-taxable","21":"purchasable","22":"product-type-variable","23":"add-to-wishlist-before_image"},"exclude_global_add_ons":[],"addons":[],"acf":[],"_links":{"self":[{"href":"https:\/\/shop.kustom.ch\/it\/wp-json\/wp\/v2\/product\/510760"}],"collection":[{"href":"https:\/\/shop.kustom.ch\/it\/wp-json\/wp\/v2\/product"}],"about":[{"href":"https:\/\/shop.kustom.ch\/it\/wp-json\/wp\/v2\/types\/product"}],"wp:featuredmedia":[{"embeddable":true,"href":"https:\/\/shop.kustom.ch\/it\/wp-json\/wp\/v2\/media\/510770"}],"wp:attachment":[{"href":"https:\/\/shop.kustom.ch\/it\/wp-json\/wp\/v2\/media?parent=510760"}],"wp:term":[{"taxonomy":"product_brand","embeddable":true,"href":"https:\/\/shop.kustom.ch\/it\/wp-json\/wp\/v2\/product_brand?post=510760"},{"taxonomy":"product_cat","embeddable":true,"href":"https:\/\/shop.kustom.ch\/it\/wp-json\/wp\/v2\/product_cat?post=510760"},{"taxonomy":"product_tag","embeddable":true,"href":"https:\/\/shop.kustom.ch\/it\/wp-json\/wp\/v2\/product_tag?post=510760"}],"curies":[{"name":"wp","href":"https:\/\/api.w.org\/{rel}","templated":true}]}}