{"id":510202,"date":"2025-01-25T00:39:19","date_gmt":"2025-01-24T23:39:19","guid":{"rendered":"https:\/\/shop.kustom.ch\/?post_type=product&#038;p=510202"},"modified":"2026-03-31T12:04:22","modified_gmt":"2026-03-31T11:04:22","slug":"yellow-bow-54-slim","status":"publish","type":"product","link":"https:\/\/shop.kustom.ch\/it\/prodotto\/yellow-bow-54-slim\/","title":{"rendered":"Fiocco giallo 54 Slim"},"content":{"rendered":"<p>Questa camicia Oxford casual \u00e8 una nuova versione della nostra classica Indigo Bow 30. Ha lo stesso look classico, ma \u00e8 stata ricreata in molti modi. Il tessuto \u00e8 una miscela di cotone a fiocco lungo, Tencel (Lyocell) ed elastan. Questo conferisce alla camicia prestazioni incredibili. Una sensazione di lusso grazie al lyocell e un comfort estremo grazie all'elastan. La camicia offre inoltre prestazioni di facile manutenzione. I nostri modelli di camicia casual sono pi\u00f9 corti di 3 cm rispetto ai modelli business.<br \/>\n- Monocolore, 71% cotone a pelo lungo, 25% Lyocell, 4% elastan, 160g\/m2<br \/>\n- Adatto alle lavatrici<br \/>\n- Carr\u00e9 posteriore diviso per spalle lisce e sagomate e maggiore libert\u00e0 di movimento<br \/>\n- Colletto classico button-down<br \/>\n- Tasca sul petto per uomo<br \/>\n- Maniche a taglio lungo con foro per i gemelli in testa<br \/>\n- Bottoni tondi in madreperla<br \/>\n- Orlo arrotondato<\/p>\n<p>Materiale: 71% cotone a fiocco lungo, 25% lyocell, 4% elastan<\/p>","protected":false},"excerpt":{"rendered":"<p>Dieses Freizeit-Oxfordhemd ist eine neue Version unseres Klassikers Indigo Bow 30. Es hat den gleichen klassischen Look, ist aber in vielerlei Hinsicht neu erschaffen wurden. Der Stoff ist eine Mischung aus langstapeliger Baumwolle, Tencel (Lyocell) und Elasthan. Dies verleiht dem Hemd eine unglaubliche Leistung. Eine luxuri\u00f6se Haptik und dank Lyocell und extremen Stretchkomfort dank Elasthan. [&hellip;]<\/p>\n","protected":false},"featured_media":510239,"template":"","meta":[],"product_brand":[],"product_cat":[9874],"product_tag":[],"class_list":{"0":"post-510202","1":"product","2":"type-product","3":"status-publish","4":"has-post-thumbnail","6":"product_cat-hemden","7":"pa_brand-harvest-frost","8":"pa_brand-type-workwear","9":"pa_filter-color-blau","10":"pa_filter-color-schwarz","11":"pa_filter-color-weiss","13":"first","14":"instock","15":"sale","16":"taxable","17":"shipping-taxable","18":"purchasable","19":"product-type-variable","20":"add-to-wishlist-before_image"},"exclude_global_add_ons":[],"addons":[],"acf":[],"_links":{"self":[{"href":"https:\/\/shop.kustom.ch\/it\/wp-json\/wp\/v2\/product\/510202"}],"collection":[{"href":"https:\/\/shop.kustom.ch\/it\/wp-json\/wp\/v2\/product"}],"about":[{"href":"https:\/\/shop.kustom.ch\/it\/wp-json\/wp\/v2\/types\/product"}],"wp:featuredmedia":[{"embeddable":true,"href":"https:\/\/shop.kustom.ch\/it\/wp-json\/wp\/v2\/media\/510239"}],"wp:attachment":[{"href":"https:\/\/shop.kustom.ch\/it\/wp-json\/wp\/v2\/media?parent=510202"}],"wp:term":[{"taxonomy":"product_brand","embeddable":true,"href":"https:\/\/shop.kustom.ch\/it\/wp-json\/wp\/v2\/product_brand?post=510202"},{"taxonomy":"product_cat","embeddable":true,"href":"https:\/\/shop.kustom.ch\/it\/wp-json\/wp\/v2\/product_cat?post=510202"},{"taxonomy":"product_tag","embeddable":true,"href":"https:\/\/shop.kustom.ch\/it\/wp-json\/wp\/v2\/product_tag?post=510202"}],"curies":[{"name":"wp","href":"https:\/\/api.w.org\/{rel}","templated":true}]}}