{"id":509437,"date":"2025-01-25T00:35:06","date_gmt":"2025-01-24T23:35:06","guid":{"rendered":"https:\/\/shop.kustom.ch\/?post_type=product&#038;p=509437"},"modified":"2026-03-31T12:06:12","modified_gmt":"2026-03-31T11:06:12","slug":"red-bow-24-lady","status":"publish","type":"product","link":"https:\/\/shop.kustom.ch\/it\/prodotto\/red-bow-24-lady\/","title":{"rendered":"Fiocco rosso 24 donne"},"content":{"rendered":"<p>Le sottili strisce bianche su tessuti blu o grigi conferiscono alla camicia un carattere molto moderno. \u00c8 ideale da abbinare a diversi colori e fantasie. \u00c8 particolarmente efficace se indossata con il bianco brillante o altre tonalit\u00e0 di blu. La camicia \u00e8 realizzata in tessuto twill di alta qualit\u00e0, che la rende piacevolmente morbida da indossare e conferisce ai colori un impatto ancora maggiore. Con questa camicia, passare direttamente da una riunione di lavoro a una cena non sar\u00e0 un problema.<br \/>\n- Collezione Red Bow<br \/>\n- Tessuto popeline a righe sottili<br \/>\n- 100% Cotone<br \/>\n- Cotone compatto a 2 veli a fibra lunga<br \/>\n- Trattamento ambientale brevettato Non-Iron (non ferro)<br \/>\n- Adatto alle lavatrici<br \/>\n- Il carr\u00e9 posteriore diviso assicura spalle morbide e sagomate e una maggiore libert\u00e0 di movimento.<br \/>\n- Le cuciture principali nastrate conferiscono alla camicia un aspetto fresco ed esclusivo dopo ogni lavaggio. Nessuna piega<br \/>\n- Colletto semi-tagliato<br \/>\n- Manica lunga<br \/>\n- Polsini con asola supplementare per i gemelli<br \/>\n- Manopole alte e spesse 4 mm<br \/>\n- Orlo arrotondato<\/p>\n<p>Materiale: cotone 100%<\/p>","protected":false},"excerpt":{"rendered":"<p>Feine weisse Streifen auf blauen oder grauen Stoffen geben dem Hemd einen sehr modernen Charakter. Es ist bestens f\u00fcr Kombinationen mit verschiedenen Farben und Mustern geeignet. Besonders zusammen mit strahlendem Weiss oder weiteren Blaut\u00f6nen entfaltet es seine Wirkung. Das Hemd ist aus hochwertigem Twill Gewebe, wodurch sich das Tragegef\u00fchl angenehm weich anf\u00fchlt und die Farben [&hellip;]<\/p>\n","protected":false},"featured_media":509463,"template":"","meta":[],"product_brand":[],"product_cat":[9895],"product_tag":[],"class_list":{"0":"post-509437","1":"product","2":"type-product","3":"status-publish","4":"has-post-thumbnail","6":"product_cat-blusen","7":"pa_brand-harvest-frost","8":"pa_brand-type-workwear","9":"pa_filter-color-blau","10":"pa_filter-color-grau","12":"first","13":"instock","14":"sale","15":"taxable","16":"shipping-taxable","17":"purchasable","18":"product-type-variable","19":"add-to-wishlist-before_image"},"exclude_global_add_ons":[],"addons":[],"acf":[],"_links":{"self":[{"href":"https:\/\/shop.kustom.ch\/it\/wp-json\/wp\/v2\/product\/509437"}],"collection":[{"href":"https:\/\/shop.kustom.ch\/it\/wp-json\/wp\/v2\/product"}],"about":[{"href":"https:\/\/shop.kustom.ch\/it\/wp-json\/wp\/v2\/types\/product"}],"wp:featuredmedia":[{"embeddable":true,"href":"https:\/\/shop.kustom.ch\/it\/wp-json\/wp\/v2\/media\/509463"}],"wp:attachment":[{"href":"https:\/\/shop.kustom.ch\/it\/wp-json\/wp\/v2\/media?parent=509437"}],"wp:term":[{"taxonomy":"product_brand","embeddable":true,"href":"https:\/\/shop.kustom.ch\/it\/wp-json\/wp\/v2\/product_brand?post=509437"},{"taxonomy":"product_cat","embeddable":true,"href":"https:\/\/shop.kustom.ch\/it\/wp-json\/wp\/v2\/product_cat?post=509437"},{"taxonomy":"product_tag","embeddable":true,"href":"https:\/\/shop.kustom.ch\/it\/wp-json\/wp\/v2\/product_tag?post=509437"}],"curies":[{"name":"wp","href":"https:\/\/api.w.org\/{rel}","templated":true}]}}