{"id":509166,"date":"2025-01-25T00:33:50","date_gmt":"2025-01-24T23:33:50","guid":{"rendered":"https:\/\/shop.kustom.ch\/?post_type=product&#038;p=509166"},"modified":"2026-03-31T12:07:37","modified_gmt":"2026-03-31T11:07:37","slug":"red-bow-122-woman","status":"publish","type":"product","link":"https:\/\/shop.kustom.ch\/it\/prodotto\/red-bow-122-woman\/","title":{"rendered":"Fiocco rosso 122 Donna"},"content":{"rendered":"<p>\u00c8 arrivato il momento di aggiornare con cura uno dei nostri modelli preferiti. Il Red Bow 122 \u00e8 un'estensione del Red Bow 20, un modello essenziale con nuovi dettagli moderni e l'aggiunta del nuovo colletto button down nascosto che tanto amiamo. Siamo pronti per un nuovo decennio. Lo siete anche voi?<br \/>\n- Collezione RED BOW<br \/>\n- Trattamento ambientale brevettato (non ferroso)<br \/>\n- 100% Cotone, 124 G\/M2<br \/>\n- Cotone compatto a 2 veli a fibra lunga<br \/>\n- Il carr\u00e9 posteriore diviso assicura spalle morbide e sagomate e una maggiore libert\u00e0 di movimento.<br \/>\n- Le cuciture principali nastrate conferiscono alla camicia un aspetto fresco ed esclusivo dopo ogni lavaggio. Nessuna piega<br \/>\n- Colletto Kent, abbottonatura nascosta<br \/>\n- Manica lunga<br \/>\n- Polsini con asola supplementare per i gemelli<br \/>\n- Manopole alte e spesse 4 mm<br \/>\n- Orlo arrotondato<\/p>\n<p>Materiale: cotone 100%<\/p>","protected":false},"excerpt":{"rendered":"<p>Es ist an der Zeit, eines unserer beliebtesten Modelle behutsam zu erneuern. Das Red Bow 122 ist eine Erweiterung zum Red Bow 20. Ein unerl\u00e4ssliches Modell mit neuen, modernen Details und dem zus\u00e4tzlichen neuen, versteckten Button Down Kragen, den wir so sehr lieben. Wir sind bereit f\u00fcr ein neues Jahrzehnt. Sie auch? \u2022 RED BOW [&hellip;]<\/p>\n","protected":false},"featured_media":509226,"template":"","meta":[],"product_brand":[],"product_cat":[9895],"product_tag":[],"class_list":{"0":"post-509166","1":"product","2":"type-product","3":"status-publish","4":"has-post-thumbnail","6":"product_cat-blusen","7":"pa_brand-harvest-frost","8":"pa_brand-type-workwear","9":"pa_filter-color-blau","10":"pa_filter-color-grau","11":"pa_filter-color-weiss","13":"first","14":"instock","15":"sale","16":"taxable","17":"shipping-taxable","18":"purchasable","19":"product-type-variable","20":"add-to-wishlist-before_image"},"exclude_global_add_ons":[],"addons":[],"acf":[],"_links":{"self":[{"href":"https:\/\/shop.kustom.ch\/it\/wp-json\/wp\/v2\/product\/509166"}],"collection":[{"href":"https:\/\/shop.kustom.ch\/it\/wp-json\/wp\/v2\/product"}],"about":[{"href":"https:\/\/shop.kustom.ch\/it\/wp-json\/wp\/v2\/types\/product"}],"wp:featuredmedia":[{"embeddable":true,"href":"https:\/\/shop.kustom.ch\/it\/wp-json\/wp\/v2\/media\/509226"}],"wp:attachment":[{"href":"https:\/\/shop.kustom.ch\/it\/wp-json\/wp\/v2\/media?parent=509166"}],"wp:term":[{"taxonomy":"product_brand","embeddable":true,"href":"https:\/\/shop.kustom.ch\/it\/wp-json\/wp\/v2\/product_brand?post=509166"},{"taxonomy":"product_cat","embeddable":true,"href":"https:\/\/shop.kustom.ch\/it\/wp-json\/wp\/v2\/product_cat?post=509166"},{"taxonomy":"product_tag","embeddable":true,"href":"https:\/\/shop.kustom.ch\/it\/wp-json\/wp\/v2\/product_tag?post=509166"}],"curies":[{"name":"wp","href":"https:\/\/api.w.org\/{rel}","templated":true}]}}