{"id":508970,"date":"2025-01-25T00:32:35","date_gmt":"2025-01-24T23:32:35","guid":{"rendered":"https:\/\/shop.kustom.ch\/?post_type=product&#038;p=508970"},"modified":"2026-03-31T12:06:18","modified_gmt":"2026-03-31T11:06:18","slug":"purple-bow-49-regular","status":"publish","type":"product","link":"https:\/\/shop.kustom.ch\/it\/prodotto\/purple-bow-49-regular\/","title":{"rendered":"Fiocco viola 49 Regolare"},"content":{"rendered":"<p>Ein doppelter Jacquard Stoff aus 100%Baumwolle, gewebt mit weissen Punkten auf navy Hintergrund f\u00fcr einen modernen und anspruchsvollen Look. Kombinieren Sie es mit dem Anzug oder zu einem casual Look mit Jeans. Unser neu entwickelter Stoff wurde mit einem mechanischen Stretch f\u00fcr mehr Komfort hergestellt. Es verleiht dem Hemd eine nat\u00fcrliche Elastizit\u00e4t von bis zu 12%. Durch den Querfaden beh\u00e4lt es trotzdem unsere grossartige b\u00fcgelfreie Leistung.<br \/>\n- Collezione PURPLE BOW<br \/>\n- Tessuto jacquard color navy, intrecciato con micropunti bianchi<br \/>\n- 100% cotone, elasticizzato, 130 g\/m\u00b2<br \/>\n- Cotone compatto a fibra lunga<br \/>\n- Non ferro, trattamento ambientale brevettato<br \/>\n- Adatto alle lavatrici<br \/>\n- Il carr\u00e9 posteriore diviso assicura spalle morbide e sagomate e una maggiore libert\u00e0 di movimento.<br \/>\n- Le cuciture principali nastrate conferiscono alla camicia un aspetto fresco ed esclusivo dopo ogni lavaggio. Nessuna piega<br \/>\n- Colletto moderno, abbottonatura nascosta<br \/>\n- Manica lunga<br \/>\n- Polsini con asola supplementare per i gemelli<br \/>\n- Bottoni in imitazione madreperla 2,5 mm<br \/>\n- Orlo arrotondato<\/p>\n<p>Materiale: 100 cotone compatto a fiocco lungo %<\/p>","protected":false},"excerpt":{"rendered":"<p>Ein doppelter Jacquard Stoff aus 100%Baumwolle, gewebt mit weissen Punkten auf navy Hintergrund f\u00fcr einen modernen und anspruchsvollen Look. Kombinieren Sie es mit dem Anzug oder zu einem casual Look mit Jeans. Unser neu entwickelter Stoff wurde mit einem mechanischen Stretch f\u00fcr mehr Komfort hergestellt. Es verleiht dem Hemd eine nat\u00fcrliche Elastizit\u00e4t von bis zu [&hellip;]<\/p>\n","protected":false},"featured_media":509014,"template":"","meta":[],"product_brand":[],"product_cat":[9874],"product_tag":[],"class_list":{"0":"post-508970","1":"product","2":"type-product","3":"status-publish","4":"has-post-thumbnail","6":"product_cat-hemden","7":"pa_brand-harvest-frost","8":"pa_brand-type-workwear","9":"pa_filter-color-blau","11":"first","12":"instock","13":"sale","14":"taxable","15":"shipping-taxable","16":"purchasable","17":"product-type-variable","18":"add-to-wishlist-before_image"},"exclude_global_add_ons":[],"addons":[],"acf":[],"_links":{"self":[{"href":"https:\/\/shop.kustom.ch\/it\/wp-json\/wp\/v2\/product\/508970"}],"collection":[{"href":"https:\/\/shop.kustom.ch\/it\/wp-json\/wp\/v2\/product"}],"about":[{"href":"https:\/\/shop.kustom.ch\/it\/wp-json\/wp\/v2\/types\/product"}],"wp:featuredmedia":[{"embeddable":true,"href":"https:\/\/shop.kustom.ch\/it\/wp-json\/wp\/v2\/media\/509014"}],"wp:attachment":[{"href":"https:\/\/shop.kustom.ch\/it\/wp-json\/wp\/v2\/media?parent=508970"}],"wp:term":[{"taxonomy":"product_brand","embeddable":true,"href":"https:\/\/shop.kustom.ch\/it\/wp-json\/wp\/v2\/product_brand?post=508970"},{"taxonomy":"product_cat","embeddable":true,"href":"https:\/\/shop.kustom.ch\/it\/wp-json\/wp\/v2\/product_cat?post=508970"},{"taxonomy":"product_tag","embeddable":true,"href":"https:\/\/shop.kustom.ch\/it\/wp-json\/wp\/v2\/product_tag?post=508970"}],"curies":[{"name":"wp","href":"https:\/\/api.w.org\/{rel}","templated":true}]}}