{"id":508901,"date":"2025-01-25T00:32:11","date_gmt":"2025-01-24T23:32:11","guid":{"rendered":"https:\/\/shop.kustom.ch\/?post_type=product&#038;p=508901"},"modified":"2026-03-31T12:04:05","modified_gmt":"2026-03-31T11:04:05","slug":"purple-bow-146-woman","status":"publish","type":"product","link":"https:\/\/shop.kustom.ch\/it\/prodotto\/purple-bow-146-woman\/","title":{"rendered":"Fiocco viola 146 Donna"},"content":{"rendered":"<p>Una nuova camicia fantasia nello stesso stile della vecchia Purple Bow 46, la struttura a microcorda del tessuto la distingue dal nostro classico twill. Il tessuto, in combinazione con il colletto con taglio estremo e il nuovo contrasto paisley, crea una dichiarazione audace. Il contrasto \u00e8 pi\u00f9 forte sul tessuto bianco e pi\u00f9 sottile sul lussuoso tessuto blu navy. Indossatelo con jeans e blazer o con un completo e scarpe da ginnastica e sarete impeccabili dall'ufficio a una cena.<br \/>\n- Colletto con taglio estremo, abbottonatura nascosta<br \/>\n- Non-Iron (non ferro)<br \/>\n- Struttura Microcord Bedford<br \/>\n- 100% cotone, 130g\/m2<br \/>\n- Carr\u00e9 posteriore diviso, assicura spalle lisce e annodate e maggiore libert\u00e0 di movimento<br \/>\n- Le cuciture principali nastrate conferiscono alla camicia un aspetto fresco ed esclusivo dopo ogni lavaggio. Nessuna piega<br \/>\n- Altezza, pulsanti di 4 mm di spessore<br \/>\n- Maschette con asola supplementare per bottoni Maschette<\/p>\n<p>Materiale: cotone 100%<\/p>","protected":false},"excerpt":{"rendered":"<p>Ein neues ausgefallenes Hemd im gleichen Stil wie das alte Purple Bow 46. Die Mikrocord Struktur im Stoff, unterscheidet es von unserem klassischen Twill. Der Stoff in Kombination mit dem extremen Cut-Away Kragen und dem neuen Paisley Kontrast, macht eine mutige Aussage. Der Kontrast ist bei dem weissen Stoff st\u00e4rker und dezenter auf dem luxuri\u00f6sen [&hellip;]<\/p>\n","protected":false},"featured_media":508941,"template":"","meta":[],"product_brand":[],"product_cat":[9895],"product_tag":[],"class_list":{"0":"post-508901","1":"product","2":"type-product","3":"status-publish","4":"has-post-thumbnail","6":"product_cat-blusen","7":"pa_brand-harvest-frost","8":"pa_brand-type-workwear","9":"pa_filter-color-blau","10":"pa_filter-color-weiss","12":"first","13":"instock","14":"sale","15":"taxable","16":"shipping-taxable","17":"purchasable","18":"product-type-variable","19":"add-to-wishlist-before_image"},"exclude_global_add_ons":[],"addons":[],"acf":[],"_links":{"self":[{"href":"https:\/\/shop.kustom.ch\/it\/wp-json\/wp\/v2\/product\/508901"}],"collection":[{"href":"https:\/\/shop.kustom.ch\/it\/wp-json\/wp\/v2\/product"}],"about":[{"href":"https:\/\/shop.kustom.ch\/it\/wp-json\/wp\/v2\/types\/product"}],"wp:featuredmedia":[{"embeddable":true,"href":"https:\/\/shop.kustom.ch\/it\/wp-json\/wp\/v2\/media\/508941"}],"wp:attachment":[{"href":"https:\/\/shop.kustom.ch\/it\/wp-json\/wp\/v2\/media?parent=508901"}],"wp:term":[{"taxonomy":"product_brand","embeddable":true,"href":"https:\/\/shop.kustom.ch\/it\/wp-json\/wp\/v2\/product_brand?post=508901"},{"taxonomy":"product_cat","embeddable":true,"href":"https:\/\/shop.kustom.ch\/it\/wp-json\/wp\/v2\/product_cat?post=508901"},{"taxonomy":"product_tag","embeddable":true,"href":"https:\/\/shop.kustom.ch\/it\/wp-json\/wp\/v2\/product_tag?post=508901"}],"curies":[{"name":"wp","href":"https:\/\/api.w.org\/{rel}","templated":true}]}}