{"id":508839,"date":"2025-01-25T00:31:43","date_gmt":"2025-01-24T23:31:43","guid":{"rendered":"https:\/\/shop.kustom.ch\/?post_type=product&#038;p=508839"},"modified":"2026-03-31T12:04:54","modified_gmt":"2026-03-31T11:04:54","slug":"purple-bow-143-woman","status":"publish","type":"product","link":"https:\/\/shop.kustom.ch\/it\/prodotto\/purple-bow-143-woman\/","title":{"rendered":"Fiocco viola 143 Donna"},"content":{"rendered":"<p>Una nuova camicia discreta ma audace con un motivo paisley indaco. Potete vestirla in modo audace con una cravatta o indossarla con disinvoltura con un pantalone chino. In ogni caso, vi sentirete a vostro agio e alla moda per tutto il giorno grazie alla nostra pregiata qualit\u00e0 non-iron e natural stretch.<br \/>\nInnovazione e intelligenza vanno di pari passo!<br \/>\n- Collezione PURPLE BOW<br \/>\n- Twill fine, motivo paisley indaco a 2 colori<br \/>\n- 100% cotone, elasticizzato naturale, 122G\/m\u00b2<br \/>\n- Cotone compatto a 2 veli a fibra lunga<br \/>\n- Non ferro, trattamento ambientale brevettato<br \/>\n- Adatto alle lavatrici<br \/>\n- Il carr\u00e9 posteriore diviso assicura spalle morbide e sagomate e una maggiore libert\u00e0 di movimento.<br \/>\n- Le cuciture principali nastrate conferiscono alla camicia un aspetto fresco ed esclusivo dopo ogni lavaggio. Nessuna piega<br \/>\n- Colletto moderno, abbottonatura nascosta<br \/>\n- Manica lunga<br \/>\n- Polsini con asola supplementare per i gemelli<br \/>\n- Manopole alte e spesse 4 mm<br \/>\n- Orlo arrotondato<\/p>\n<p>Materiale: cotone 100%<\/p>","protected":false},"excerpt":{"rendered":"<p>Ein neues diskretes und dennoch kr\u00e4ftiges Hemd mit indigofarbenem Paisleymuster. Ziehen Sie es k\u00fchn mit einer Krawatte an oder tragen Sie es l\u00e4ssig zu einer Chino Hose. So oder so f\u00fchlen Sie sich den ganzen Tag komfortabel und stilsicher dank unserer gesch\u00e4tzten b\u00fcgelfreien und nat\u00fcrlichen Stretch Qualit\u00e4t. Innovation und Intelligenz gehen Hand in Hand! \u2022 [&hellip;]<\/p>\n","protected":false},"featured_media":508874,"template":"","meta":[],"product_brand":[],"product_cat":[9895],"product_tag":[],"class_list":{"0":"post-508839","1":"product","2":"type-product","3":"status-publish","4":"has-post-thumbnail","6":"product_cat-blusen","7":"pa_brand-harvest-frost","8":"pa_brand-type-workwear","9":"pa_filter-color-blau","11":"first","12":"instock","13":"sale","14":"taxable","15":"shipping-taxable","16":"purchasable","17":"product-type-variable","18":"add-to-wishlist-before_image"},"exclude_global_add_ons":[],"addons":[],"acf":[],"_links":{"self":[{"href":"https:\/\/shop.kustom.ch\/it\/wp-json\/wp\/v2\/product\/508839"}],"collection":[{"href":"https:\/\/shop.kustom.ch\/it\/wp-json\/wp\/v2\/product"}],"about":[{"href":"https:\/\/shop.kustom.ch\/it\/wp-json\/wp\/v2\/types\/product"}],"wp:featuredmedia":[{"embeddable":true,"href":"https:\/\/shop.kustom.ch\/it\/wp-json\/wp\/v2\/media\/508874"}],"wp:attachment":[{"href":"https:\/\/shop.kustom.ch\/it\/wp-json\/wp\/v2\/media?parent=508839"}],"wp:term":[{"taxonomy":"product_brand","embeddable":true,"href":"https:\/\/shop.kustom.ch\/it\/wp-json\/wp\/v2\/product_brand?post=508839"},{"taxonomy":"product_cat","embeddable":true,"href":"https:\/\/shop.kustom.ch\/it\/wp-json\/wp\/v2\/product_cat?post=508839"},{"taxonomy":"product_tag","embeddable":true,"href":"https:\/\/shop.kustom.ch\/it\/wp-json\/wp\/v2\/product_tag?post=508839"}],"curies":[{"name":"wp","href":"https:\/\/api.w.org\/{rel}","templated":true}]}}