{"id":508769,"date":"2025-01-25T00:31:25","date_gmt":"2025-01-24T23:31:25","guid":{"rendered":"https:\/\/shop.kustom.ch\/?post_type=product&#038;p=508769"},"modified":"2026-03-31T12:04:50","modified_gmt":"2026-03-31T11:04:50","slug":"purple-bow-142-woman","status":"publish","type":"product","link":"https:\/\/shop.kustom.ch\/it\/prodotto\/purple-bow-142-woman\/","title":{"rendered":"Fiocco viola 142 Donna"},"content":{"rendered":"<p>Una moderna camicia a due colori realizzata in tessuto Oxford di alta qualit\u00e0 con un incredibile filo incrociato elasticizzato che la rende morbida, super confortevole e non stirabile. Forse la nostra migliore invenzione per un look smart casual. Riteniamo che diventer\u00e0 rapidamente uno dei capi di punta del vostro guardaroba.<br \/>\n- Collezione PURPLE BOW<br \/>\n- Tessuto Oxford, 2 colori<br \/>\n- 96% cotone, 4% Freefit Stretch, 145G\/m\u00b2<br \/>\n- Trattamento ambientale brevettato Non-Iron (non ferro)<br \/>\n- Adatto alle lavatrici<br \/>\n- Il carr\u00e9 posteriore diviso assicura spalle morbide e sagomate e una maggiore libert\u00e0 di movimento.<br \/>\n- Le cuciture principali nastrate conferiscono alla camicia un aspetto fresco ed esclusivo dopo ogni lavaggio. Nessuna piega<br \/>\n- Colletto moderno, abbottonatura nascosta<br \/>\n- Manica lunga<br \/>\n- Polsini con asola supplementare per i gemelli<br \/>\n- Manopole alte e spesse 4 mm<br \/>\n- Orlo arrotondato<\/p>\n<p>Materiale: 96% COTONE, 4% FREEFIT STRETCH<\/p>","protected":false},"excerpt":{"rendered":"<p>Ein modernes 2 farbiges Hemd aus hochwertigem Oxford Gewebe mit unglaublichem Stretch Querfaden macht dieses Hemd weich, super bequem und dennoch b\u00fcgelfrei. Vielleicht unsere beste Erfindung f\u00fcr einen smarten Casual Look. Wir gehen davon aus, dass dieses Modell schnell zu einem Ihrer wichtigsten Kleidungsst\u00fccke wird. \u2022 PURPLE BOW Kollektion \u2022 Oxford Gewebe, 2-farbig \u2022 96% [&hellip;]<\/p>\n","protected":false},"featured_media":508817,"template":"","meta":[],"product_brand":[],"product_cat":[9895],"product_tag":[],"class_list":{"0":"post-508769","1":"product","2":"type-product","3":"status-publish","4":"has-post-thumbnail","6":"product_cat-blusen","7":"pa_brand-harvest-frost","8":"pa_brand-type-workwear","9":"pa_filter-color-blau","10":"pa_filter-color-grau","11":"pa_filter-color-gruen","12":"pa_filter-color-violet","14":"first","15":"instock","16":"sale","17":"taxable","18":"shipping-taxable","19":"purchasable","20":"product-type-variable","21":"add-to-wishlist-before_image"},"exclude_global_add_ons":[],"addons":[],"acf":[],"_links":{"self":[{"href":"https:\/\/shop.kustom.ch\/it\/wp-json\/wp\/v2\/product\/508769"}],"collection":[{"href":"https:\/\/shop.kustom.ch\/it\/wp-json\/wp\/v2\/product"}],"about":[{"href":"https:\/\/shop.kustom.ch\/it\/wp-json\/wp\/v2\/types\/product"}],"wp:featuredmedia":[{"embeddable":true,"href":"https:\/\/shop.kustom.ch\/it\/wp-json\/wp\/v2\/media\/508817"}],"wp:attachment":[{"href":"https:\/\/shop.kustom.ch\/it\/wp-json\/wp\/v2\/media?parent=508769"}],"wp:term":[{"taxonomy":"product_brand","embeddable":true,"href":"https:\/\/shop.kustom.ch\/it\/wp-json\/wp\/v2\/product_brand?post=508769"},{"taxonomy":"product_cat","embeddable":true,"href":"https:\/\/shop.kustom.ch\/it\/wp-json\/wp\/v2\/product_cat?post=508769"},{"taxonomy":"product_tag","embeddable":true,"href":"https:\/\/shop.kustom.ch\/it\/wp-json\/wp\/v2\/product_tag?post=508769"}],"curies":[{"name":"wp","href":"https:\/\/api.w.org\/{rel}","templated":true}]}}