{"id":508633,"date":"2025-01-25T00:30:37","date_gmt":"2025-01-24T23:30:37","guid":{"rendered":"https:\/\/shop.kustom.ch\/?post_type=product&#038;p=508633"},"modified":"2026-03-31T12:02:23","modified_gmt":"2026-03-31T11:02:23","slug":"patch-pocket-overshirt-unisex","status":"publish","type":"product","link":"https:\/\/shop.kustom.ch\/it\/prodotto\/patch-pocket-overshirt-unisex\/","title":{"rendered":"Tasca patch Overshirt Unisex"},"content":{"rendered":"<p>Se pensate che un blazer sia troppo elegante per l'occasione, la camicia con tasca applicata \u00e8 il capo perfetto da indossare sopra una camicia o una T-shirt. \u00c8 sempre ben vestita, ma non \u00e8 formale come un blazer. \u00c8 realizzata in un moderno tessuto elasticizzato, in parte ricavato da materiali riciclati. Tre tasche applicate e una tasca interna. Vestibilit\u00e0 unisex.<\/p>\n<p>Materiale: tinta unita 52% cotone 44% poliestere riciclato 4% elastan<\/p>","protected":false},"excerpt":{"rendered":"<p>Wenn Sie denken, dass ein Blazer zu schick f\u00fcr die Gelegenheit ist, ist das Hemd mit aufgesetzten Taschen das perfekte Kleidungsst\u00fcck, um \u00fcber einem Hemd oder T-Shirt getragen zu werden. Immer noch gut angezogen, aber nicht so formell wie ein Blazer. Es besteht aus einem modernen Stretchstoff, teilweise aus recycelten Materialien gefertigt. Drei aufgesetzte Taschen [&hellip;]<\/p>\n","protected":false},"featured_media":508652,"template":"","meta":[],"product_brand":[],"product_cat":[9874],"product_tag":[],"class_list":{"0":"post-508633","1":"product","2":"type-product","3":"status-publish","4":"has-post-thumbnail","6":"product_cat-hemden","7":"pa_brand-harvest-frost","8":"pa_brand-type-workwear","9":"pa_filter-color-blau","10":"pa_filter-color-schwarz","12":"first","13":"instock","14":"sale","15":"taxable","16":"shipping-taxable","17":"purchasable","18":"product-type-variable","19":"add-to-wishlist-before_image"},"exclude_global_add_ons":[],"addons":[],"acf":[],"_links":{"self":[{"href":"https:\/\/shop.kustom.ch\/it\/wp-json\/wp\/v2\/product\/508633"}],"collection":[{"href":"https:\/\/shop.kustom.ch\/it\/wp-json\/wp\/v2\/product"}],"about":[{"href":"https:\/\/shop.kustom.ch\/it\/wp-json\/wp\/v2\/types\/product"}],"wp:featuredmedia":[{"embeddable":true,"href":"https:\/\/shop.kustom.ch\/it\/wp-json\/wp\/v2\/media\/508652"}],"wp:attachment":[{"href":"https:\/\/shop.kustom.ch\/it\/wp-json\/wp\/v2\/media?parent=508633"}],"wp:term":[{"taxonomy":"product_brand","embeddable":true,"href":"https:\/\/shop.kustom.ch\/it\/wp-json\/wp\/v2\/product_brand?post=508633"},{"taxonomy":"product_cat","embeddable":true,"href":"https:\/\/shop.kustom.ch\/it\/wp-json\/wp\/v2\/product_cat?post=508633"},{"taxonomy":"product_tag","embeddable":true,"href":"https:\/\/shop.kustom.ch\/it\/wp-json\/wp\/v2\/product_tag?post=508633"}],"curies":[{"name":"wp","href":"https:\/\/api.w.org\/{rel}","templated":true}]}}