{"id":508564,"date":"2025-01-25T00:30:17","date_gmt":"2025-01-24T23:30:17","guid":{"rendered":"https:\/\/shop.kustom.ch\/?post_type=product&#038;p=508564"},"modified":"2026-03-31T12:01:53","modified_gmt":"2026-03-31T11:01:53","slug":"merino-v-woman","status":"publish","type":"product","link":"https:\/\/shop.kustom.ch\/it\/prodotto\/merino-v-woman\/","title":{"rendered":"Merino V Donna"},"content":{"rendered":"<p>Abbiamo mescolato filati di lana e cotone extrafini per creare un capo per tutto l'anno che trae vantaggio da due fibre naturali. Per sostenere il nostro lavoro responsabile come marchio, utilizziamo lana certificata e cotone Pima americano a fiocco lungo accuratamente selezionato. In questo modo possiamo garantire alta qualit\u00e0, morbidezza al tatto e prestazioni elevate. Potete lavare il maglione in lavatrice, ma tenete presente che essendo un capo in merino non ha bisogno di essere lavato spesso, ma pu\u00f2 essere semplicemente arieggiato se necessario.<br \/>\nIl filato \u00e8 compatto con una torsione extra alta ed \u00e8 stato trattato con un superlavaggio per evitare il pilling.<br \/>\n- 70% lana Merino RWS, 30% cotone Pima a fibra lunga<br \/>\n- Scollo a V<br \/>\n- Adatto alle lavatrici<br \/>\n- Meno pelucchi<\/p>\n<p>Materiale: 70% lana Merino RWS, 30% cotone Pima a fibra lunga<\/p>","protected":false},"excerpt":{"rendered":"<p>Wir haben extrafeines Woll- und Baumwollgarn gemischt, um ein ganzj\u00e4hriges Kleidungsst\u00fcck zu erhalten, das von zwei nat\u00fcrlichen Fasern profitiert. Um unsere verantwortungsvolle Arbeit als Marke aufrechtzuerhalten, verwenden wir zertifizierte Wolle und sorgf\u00e4ltig ausgew\u00e4hlte langstapelige US-Pima Baumwolle. Auf diese Weise k\u00f6nnen wir eine hohe Qualit\u00e4t, einen weichen Griff und hohe Leistung sicherstellen. Sie k\u00f6nnen den Strickpulli [&hellip;]<\/p>\n","protected":false},"featured_media":508607,"template":"","meta":[],"product_brand":[],"product_cat":[4191],"product_tag":[],"class_list":{"0":"post-508564","1":"product","2":"type-product","3":"status-publish","4":"has-post-thumbnail","6":"product_cat-longsleeves-sweatshirts","7":"pa_brand-harvest-frost","8":"pa_brand-type-workwear","9":"pa_filter-color-blau","10":"pa_filter-color-grau","11":"pa_filter-color-schwarz","13":"first","14":"instock","15":"sale","16":"taxable","17":"shipping-taxable","18":"purchasable","19":"product-type-variable","20":"add-to-wishlist-before_image"},"exclude_global_add_ons":[],"addons":[],"acf":[],"_links":{"self":[{"href":"https:\/\/shop.kustom.ch\/it\/wp-json\/wp\/v2\/product\/508564"}],"collection":[{"href":"https:\/\/shop.kustom.ch\/it\/wp-json\/wp\/v2\/product"}],"about":[{"href":"https:\/\/shop.kustom.ch\/it\/wp-json\/wp\/v2\/types\/product"}],"wp:featuredmedia":[{"embeddable":true,"href":"https:\/\/shop.kustom.ch\/it\/wp-json\/wp\/v2\/media\/508607"}],"wp:attachment":[{"href":"https:\/\/shop.kustom.ch\/it\/wp-json\/wp\/v2\/media?parent=508564"}],"wp:term":[{"taxonomy":"product_brand","embeddable":true,"href":"https:\/\/shop.kustom.ch\/it\/wp-json\/wp\/v2\/product_brand?post=508564"},{"taxonomy":"product_cat","embeddable":true,"href":"https:\/\/shop.kustom.ch\/it\/wp-json\/wp\/v2\/product_cat?post=508564"},{"taxonomy":"product_tag","embeddable":true,"href":"https:\/\/shop.kustom.ch\/it\/wp-json\/wp\/v2\/product_tag?post=508564"}],"curies":[{"name":"wp","href":"https:\/\/api.w.org\/{rel}","templated":true}]}}