{"id":508359,"date":"2025-01-25T00:29:16","date_gmt":"2025-01-24T23:29:16","guid":{"rendered":"https:\/\/shop.kustom.ch\/?post_type=product&#038;p=508359"},"modified":"2026-03-31T12:05:43","modified_gmt":"2026-03-31T11:05:43","slug":"indigo-bow-34-regular","status":"publish","type":"product","link":"https:\/\/shop.kustom.ch\/it\/prodotto\/indigo-bow-34-regular\/","title":{"rendered":"Fiocco indaco 34 regolare"},"content":{"rendered":"<p>Sembra una classica camicia da lavoro in tessuto, ma in realt\u00e0 \u00e8 una camicia in maglia. Il meglio dei due mondi combinati. Una camicia da lavoro bella e comoda che sembra una T-shirt. Questo risultato \u00e8 ottenuto grazie all'utilizzo di filati compatti Double 60 di alta qualit\u00e0 e a un trattamento morbido, che conferisce alla camicia un aspetto lussuoso e un tocco setoso. L'uso di filati per maglieria di alta qualit\u00e0 garantisce una finitura naturale senza ferro da stiro. Basta lavare, asciugare e indossare.<br \/>\n- Collezione INDIGO BOW<br \/>\n- Tessuto a maglia, elastico a 360\u00b0<br \/>\n- 100% cotone, 160g\/m2<br \/>\n- Adatto alle lavatrici<br \/>\n- Il carr\u00e9 posteriore diviso assicura spalle morbide e sagomate e una maggiore libert\u00e0 di movimento.<br \/>\n- Colletto moderno, abbottonatura nascosta<br \/>\n- Manica lunga<br \/>\n- Polsino con asola supplementare per i gemelli<br \/>\n- Bottoni in finta madreperla, spessore 2,5 mm<br \/>\n- Orlo arrotondato<\/p>\n<p>Materiale: 100 cotone compatto %<\/p>","protected":false},"excerpt":{"rendered":"<p>Es sieht aus wie ein klassisches gewebtes Businesshemd, ist aber tats\u00e4chlich ein Strickhemd. Das Beste aus zwei Welten kombiniert. Ein sch\u00f6nes und bequemes Businesshemd, das sich anf\u00fchlt wie ein T-Shirt. Dies wird durch die Verwendung von High End Double 60 Kompaktgarn und einer weichen Behandlung erreicht und gibt dem Hemd einen luxuri\u00f6sen Look und eine [&hellip;]<\/p>\n","protected":false},"featured_media":508384,"template":"","meta":[],"product_brand":[],"product_cat":[9874],"product_tag":[],"class_list":{"0":"post-508359","1":"product","2":"type-product","3":"status-publish","4":"has-post-thumbnail","6":"product_cat-hemden","7":"pa_brand-harvest-frost","8":"pa_brand-type-workwear","9":"pa_filter-color-blau","10":"pa_filter-color-weiss","12":"first","13":"instock","14":"sale","15":"taxable","16":"shipping-taxable","17":"purchasable","18":"product-type-variable","19":"add-to-wishlist-before_image"},"exclude_global_add_ons":[],"addons":[],"acf":[],"_links":{"self":[{"href":"https:\/\/shop.kustom.ch\/it\/wp-json\/wp\/v2\/product\/508359"}],"collection":[{"href":"https:\/\/shop.kustom.ch\/it\/wp-json\/wp\/v2\/product"}],"about":[{"href":"https:\/\/shop.kustom.ch\/it\/wp-json\/wp\/v2\/types\/product"}],"wp:featuredmedia":[{"embeddable":true,"href":"https:\/\/shop.kustom.ch\/it\/wp-json\/wp\/v2\/media\/508384"}],"wp:attachment":[{"href":"https:\/\/shop.kustom.ch\/it\/wp-json\/wp\/v2\/media?parent=508359"}],"wp:term":[{"taxonomy":"product_brand","embeddable":true,"href":"https:\/\/shop.kustom.ch\/it\/wp-json\/wp\/v2\/product_brand?post=508359"},{"taxonomy":"product_cat","embeddable":true,"href":"https:\/\/shop.kustom.ch\/it\/wp-json\/wp\/v2\/product_cat?post=508359"},{"taxonomy":"product_tag","embeddable":true,"href":"https:\/\/shop.kustom.ch\/it\/wp-json\/wp\/v2\/product_tag?post=508359"}],"curies":[{"name":"wp","href":"https:\/\/api.w.org\/{rel}","templated":true}]}}