{"id":508155,"date":"2025-01-25T00:28:12","date_gmt":"2025-01-24T23:28:12","guid":{"rendered":"https:\/\/shop.kustom.ch\/?post_type=product&#038;p=508155"},"modified":"2026-03-31T12:06:10","modified_gmt":"2026-03-31T11:06:10","slug":"indigo-bow-30-regular-fit","status":"publish","type":"product","link":"https:\/\/shop.kustom.ch\/it\/prodotto\/indigo-bow-30-regular-fit\/","title":{"rendered":"Indigo Bow 30 Vestibilit\u00e0 regolare"},"content":{"rendered":"<p>La nostra camicia Oxford Indigo Bow \u00e8 realizzata con materiali accuratamente selezionati che la rendono comoda da indossare. \u00c8 una camicia da lavoratore gi\u00e0 indossata.<br \/>\n- Collezione INDIGO BOW<br \/>\n- 100% Cotone, struttura Oxford, 160 g\/m\u00b2<br \/>\n- Adatto alle lavatrici<br \/>\n- Il carr\u00e9 posteriore diviso assicura spalle morbide e sagomate e una maggiore libert\u00e0 di movimento.<br \/>\n- Colletto con bottoni<br \/>\n- Tasca sul petto per uomo<br \/>\n- Manica lunga<br \/>\n- Polsini con asola supplementare per i gemelli<br \/>\n- Bottoni bianchi naturali<br \/>\n- Orlo arrotondato<\/p>\n<p>Materiale: cotone 100%<\/p>","protected":false},"excerpt":{"rendered":"<p>Unser Indigo Bow Oxford Hemd ist aus sorgf\u00e4ltig ausgew\u00e4hlten Materialien, die ein angenehmes Tragegef\u00fchl hervorrufen. Es ist ein Arbeiterhemd, das bereits eingearbeitet ist. \u2022 INDIGO BOW Kollektion \u2022 100% Baumwolle, Oxford Struktur, 160 g\/m\u00b2 \u2022 Waschmaschinen geeignet \u2022 Split Back Yoke sorgt f\u00fcr glatte konturierte Schultern und mehr Bewegungsfreiheit \u2022 Button Down Kragen \u2022 Brusttasche [&hellip;]<\/p>\n","protected":false},"featured_media":508214,"template":"","meta":[],"product_brand":[],"product_cat":[9874],"product_tag":[],"class_list":{"0":"post-508155","1":"product","2":"type-product","3":"status-publish","4":"has-post-thumbnail","6":"product_cat-hemden","7":"pa_brand-harvest-frost","8":"pa_brand-type-workwear","9":"pa_filter-color-pink","10":"pa_filter-color-schwarz","11":"pa_filter-color-weiss","13":"first","14":"instock","15":"sale","16":"taxable","17":"shipping-taxable","18":"purchasable","19":"product-type-variable","20":"add-to-wishlist-before_image"},"exclude_global_add_ons":[],"addons":[],"acf":[],"_links":{"self":[{"href":"https:\/\/shop.kustom.ch\/it\/wp-json\/wp\/v2\/product\/508155"}],"collection":[{"href":"https:\/\/shop.kustom.ch\/it\/wp-json\/wp\/v2\/product"}],"about":[{"href":"https:\/\/shop.kustom.ch\/it\/wp-json\/wp\/v2\/types\/product"}],"wp:featuredmedia":[{"embeddable":true,"href":"https:\/\/shop.kustom.ch\/it\/wp-json\/wp\/v2\/media\/508214"}],"wp:attachment":[{"href":"https:\/\/shop.kustom.ch\/it\/wp-json\/wp\/v2\/media?parent=508155"}],"wp:term":[{"taxonomy":"product_brand","embeddable":true,"href":"https:\/\/shop.kustom.ch\/it\/wp-json\/wp\/v2\/product_brand?post=508155"},{"taxonomy":"product_cat","embeddable":true,"href":"https:\/\/shop.kustom.ch\/it\/wp-json\/wp\/v2\/product_cat?post=508155"},{"taxonomy":"product_tag","embeddable":true,"href":"https:\/\/shop.kustom.ch\/it\/wp-json\/wp\/v2\/product_tag?post=508155"}],"curies":[{"name":"wp","href":"https:\/\/api.w.org\/{rel}","templated":true}]}}