{"id":508016,"date":"2025-01-25T00:27:27","date_gmt":"2025-01-24T23:27:27","guid":{"rendered":"https:\/\/shop.kustom.ch\/?post_type=product&#038;p=508016"},"modified":"2026-03-31T12:03:32","modified_gmt":"2026-03-31T11:03:32","slug":"indigo-bow-132-s-s-slim","status":"publish","type":"product","link":"https:\/\/shop.kustom.ch\/it\/prodotto\/indigo-bow-132-s-s-slim\/","title":{"rendered":"Fiocco indaco 132 S\/S Slim"},"content":{"rendered":"<p>Camicia Oxford a maniche corte in maglia interlock. Ha un colletto button-down morbido e moderno, spacchi laterali e maniche risvoltate. Un classico del business moderno, comodo e facile da curare, con prestazioni elastiche naturali e sottili dettagli tono su tono.<\/p>\n<p>Materiale: 71% cotone a fibra lunga, 29% poliestere riciclato<\/p>","protected":false},"excerpt":{"rendered":"<p>Kurz\u00e4rmeliges Oxfordhemd aus Interlock-Strick. Es hat einen weichen, modernen, verdeckten Button Down Kragen, seitliche Schlitze und hochklappbare \u00c4rmel. Ein bequemer, pflegeleichter, moderner Gesch\u00e4ftsklassiker mit nat\u00fcrlicher Stretch-Performance und dezenten Ton-in-Ton-Details. Material: 71% Langstapelige Baumwolle, 29% Recycling-Polyester<\/p>","protected":false},"featured_media":508039,"template":"","meta":[],"product_brand":[],"product_cat":[9874],"product_tag":[],"class_list":{"0":"post-508016","1":"product","2":"type-product","3":"status-publish","4":"has-post-thumbnail","6":"product_cat-hemden","7":"pa_brand-harvest-frost","8":"pa_brand-type-workwear","9":"pa_filter-color-blau","10":"pa_filter-color-schwarz","11":"pa_filter-color-weiss","13":"first","14":"instock","15":"sale","16":"taxable","17":"shipping-taxable","18":"purchasable","19":"product-type-variable","20":"add-to-wishlist-before_image"},"exclude_global_add_ons":[],"addons":[],"acf":[],"_links":{"self":[{"href":"https:\/\/shop.kustom.ch\/it\/wp-json\/wp\/v2\/product\/508016"}],"collection":[{"href":"https:\/\/shop.kustom.ch\/it\/wp-json\/wp\/v2\/product"}],"about":[{"href":"https:\/\/shop.kustom.ch\/it\/wp-json\/wp\/v2\/types\/product"}],"wp:featuredmedia":[{"embeddable":true,"href":"https:\/\/shop.kustom.ch\/it\/wp-json\/wp\/v2\/media\/508039"}],"wp:attachment":[{"href":"https:\/\/shop.kustom.ch\/it\/wp-json\/wp\/v2\/media?parent=508016"}],"wp:term":[{"taxonomy":"product_brand","embeddable":true,"href":"https:\/\/shop.kustom.ch\/it\/wp-json\/wp\/v2\/product_brand?post=508016"},{"taxonomy":"product_cat","embeddable":true,"href":"https:\/\/shop.kustom.ch\/it\/wp-json\/wp\/v2\/product_cat?post=508016"},{"taxonomy":"product_tag","embeddable":true,"href":"https:\/\/shop.kustom.ch\/it\/wp-json\/wp\/v2\/product_tag?post=508016"}],"curies":[{"name":"wp","href":"https:\/\/api.w.org\/{rel}","templated":true}]}}