{"id":507883,"date":"2025-01-25T00:26:42","date_gmt":"2025-01-24T23:26:42","guid":{"rendered":"https:\/\/shop.kustom.ch\/?post_type=product&#038;p=507883"},"modified":"2026-03-31T12:04:14","modified_gmt":"2026-03-31T11:04:14","slug":"indigo-bow-131-woman","status":"publish","type":"product","link":"https:\/\/shop.kustom.ch\/it\/prodotto\/indigo-bow-131-woman\/","title":{"rendered":"Fiocco indaco 131 Donna"},"content":{"rendered":"<p>Una nuova versione leggera della nostra camicia in maglia Indigo Bow. Disponibile in tre stampe eleganti e moderne. Lavorata a maglia con il miglior cotone compatto a fiocco lungo per garantire morbidezza e comfort. Combinando il meglio di entrambi i mondi, questa camicia \u00e8 la pi\u00f9 comoda del mondo. \u00c8 come indossare una T-shirt, incredibilmente comoda. Il bottone nascosto sul colletto assicura una vestibilit\u00e0 perfetta, dall'ufficio alla cena. Grazie all'utilizzo di filati di alta qualit\u00e0 in un tessuto lavorato a maglia, si ottiene anche una finitura naturale no-iron che consente di lavarla, appenderla e indossarla con facilit\u00e0. Abbiamo grande fiducia in questo modo nuovo e innovativo di produrre camicie di pregio.<br \/>\n- Collezione INDIGO BOW<br \/>\n- Commercio a maglia, stretch 360<br \/>\n- 100% cotone, 135g\/m2<br \/>\n- Adatto alle lavatrici<br \/>\n- Il carr\u00e9 posteriore diviso assicura spalle morbide e sagomate e una maggiore libert\u00e0 di movimento.<br \/>\n- Moderno colletto con taglio a scomparsa e abbottonatura nascosta<br \/>\n- Manica lunga<br \/>\n- Polsino con asola supplementare per i gemelli<br \/>\n- Manopole alte e spesse 4 mm<br \/>\n- Orlo arrotondato<\/p>\n<p>Materiale: cotone compatto 100% a fibre lunghe<\/p>","protected":false},"excerpt":{"rendered":"<p>Eine neue, leichte Version unseres Indigo Bow Strickhemd. Es gibt sie in drei stilvollen und modernen Prints. Gestrickt aus feinster, langstapeliger, kompakter Baumwolle f\u00fcr Weichheit und Komfort. Die Kombination des Besten aus zwei Welten macht dieses Hemd zum bequemsten gut aussehenden Hemd der Welt. Es ist, als w\u00fcrde man ein T-Shirt tragen, unglaublich bequem. Der [&hellip;]<\/p>\n","protected":false},"featured_media":507944,"template":"","meta":[],"product_brand":[],"product_cat":[9895],"product_tag":[],"class_list":{"0":"post-507883","1":"product","2":"type-product","3":"status-publish","4":"has-post-thumbnail","6":"product_cat-blusen","7":"pa_brand-harvest-frost","8":"pa_brand-type-workwear","9":"pa_filter-color-blau","11":"first","12":"instock","13":"sale","14":"taxable","15":"shipping-taxable","16":"purchasable","17":"product-type-variable","18":"add-to-wishlist-before_image"},"exclude_global_add_ons":[],"addons":[],"acf":[],"_links":{"self":[{"href":"https:\/\/shop.kustom.ch\/it\/wp-json\/wp\/v2\/product\/507883"}],"collection":[{"href":"https:\/\/shop.kustom.ch\/it\/wp-json\/wp\/v2\/product"}],"about":[{"href":"https:\/\/shop.kustom.ch\/it\/wp-json\/wp\/v2\/types\/product"}],"wp:featuredmedia":[{"embeddable":true,"href":"https:\/\/shop.kustom.ch\/it\/wp-json\/wp\/v2\/media\/507944"}],"wp:attachment":[{"href":"https:\/\/shop.kustom.ch\/it\/wp-json\/wp\/v2\/media?parent=507883"}],"wp:term":[{"taxonomy":"product_brand","embeddable":true,"href":"https:\/\/shop.kustom.ch\/it\/wp-json\/wp\/v2\/product_brand?post=507883"},{"taxonomy":"product_cat","embeddable":true,"href":"https:\/\/shop.kustom.ch\/it\/wp-json\/wp\/v2\/product_cat?post=507883"},{"taxonomy":"product_tag","embeddable":true,"href":"https:\/\/shop.kustom.ch\/it\/wp-json\/wp\/v2\/product_tag?post=507883"}],"curies":[{"name":"wp","href":"https:\/\/api.w.org\/{rel}","templated":true}]}}