{"id":507650,"date":"2025-01-25T00:25:15","date_gmt":"2025-01-24T23:25:15","guid":{"rendered":"https:\/\/shop.kustom.ch\/?post_type=product&#038;p=507650"},"modified":"2026-03-31T12:05:25","modified_gmt":"2026-03-31T11:05:25","slug":"green-bow-01-lady","status":"publish","type":"product","link":"https:\/\/shop.kustom.ch\/it\/prodotto\/green-bow-01-lady\/","title":{"rendered":"Donna Green Bow 01"},"content":{"rendered":"<p>Niente pu\u00f2 sostituire una camicia classica nella sua forma pi\u00f9 pura. I nostri dettagli elaborati fanno di questo capo qualcosa di molto speciale. La camicia \u00e8 realizzata in tessuto twill di alta qualit\u00e0, che la rende piacevolmente morbida da indossare e i colori risaltano ancora di pi\u00f9.<br \/>\n- Collezione GREEN BOW<br \/>\n- Twill finissimo, colori classici<br \/>\n- 100% cotone, 124 g\/m2<br \/>\n- Non-Iron (non ferro)<br \/>\n- Adatto alle lavatrici<br \/>\n- Il carr\u00e9 posteriore diviso assicura spalle morbide e sagomate e una maggiore libert\u00e0 di movimento.<br \/>\n- Le cuciture principali nastrate conferiscono alla camicia un aspetto fresco ed esclusivo dopo ogni lavaggio. Nessuna piega<br \/>\n- Colletto semi-tagliato<br \/>\n- Manica lunga<br \/>\n- Polsini con asola supplementare per i gemelli<br \/>\n- Manopole alte e spesse 4 mm<\/p>\n<p>Materiale: cotone 100%<\/p>","protected":false},"excerpt":{"rendered":"<p>Ein klassisches Hemd in seiner reinsten Form kann durch nichts ersetzt werden. Unsere aufwendig umgesetzten Details lassen dieses Kleidungsst\u00fcck zu etwas ganz Besonderem werden. Das Hemd ist aus hochwertigem Twill Gewebe, wodurch sich das Tragegef\u00fchl angenehm weich anf\u00fchlt und die Farben noch mehr zur Wirkung zeigen. \u2022 GREEN BOW Kollektion \u2022 Feinster Twill, klassische Farben [&hellip;]<\/p>\n","protected":false},"featured_media":507668,"template":"","meta":[],"product_brand":[],"product_cat":[9895],"product_tag":[],"class_list":{"0":"post-507650","1":"product","2":"type-product","3":"status-publish","4":"has-post-thumbnail","6":"product_cat-blusen","7":"pa_brand-harvest-frost","8":"pa_brand-type-workwear","9":"pa_filter-color-blau","10":"pa_filter-color-grau","11":"pa_filter-color-schwarz","12":"pa_filter-color-weiss","14":"first","15":"instock","16":"sale","17":"taxable","18":"shipping-taxable","19":"purchasable","20":"product-type-variable","21":"add-to-wishlist-before_image"},"exclude_global_add_ons":[],"addons":[],"acf":[],"_links":{"self":[{"href":"https:\/\/shop.kustom.ch\/it\/wp-json\/wp\/v2\/product\/507650"}],"collection":[{"href":"https:\/\/shop.kustom.ch\/it\/wp-json\/wp\/v2\/product"}],"about":[{"href":"https:\/\/shop.kustom.ch\/it\/wp-json\/wp\/v2\/types\/product"}],"wp:featuredmedia":[{"embeddable":true,"href":"https:\/\/shop.kustom.ch\/it\/wp-json\/wp\/v2\/media\/507668"}],"wp:attachment":[{"href":"https:\/\/shop.kustom.ch\/it\/wp-json\/wp\/v2\/media?parent=507650"}],"wp:term":[{"taxonomy":"product_brand","embeddable":true,"href":"https:\/\/shop.kustom.ch\/it\/wp-json\/wp\/v2\/product_brand?post=507650"},{"taxonomy":"product_cat","embeddable":true,"href":"https:\/\/shop.kustom.ch\/it\/wp-json\/wp\/v2\/product_cat?post=507650"},{"taxonomy":"product_tag","embeddable":true,"href":"https:\/\/shop.kustom.ch\/it\/wp-json\/wp\/v2\/product_tag?post=507650"}],"curies":[{"name":"wp","href":"https:\/\/api.w.org\/{rel}","templated":true}]}}