{"id":507583,"date":"2025-01-25T00:24:47","date_gmt":"2025-01-24T23:24:47","guid":{"rendered":"https:\/\/shop.kustom.ch\/?post_type=product&#038;p=507583"},"modified":"2025-03-21T11:04:51","modified_gmt":"2025-03-21T10:04:51","slug":"cufflinks","status":"publish","type":"product","link":"https:\/\/shop.kustom.ch\/it\/prodotto\/cufflinks\/","title":{"rendered":"Gemelli"},"content":{"rendered":"<p>Tutte le nostre camicie hanno un'asola supplementare sui polsini. In questo modo \u00e8 possibile impreziosire qualsiasi abito con eleganti gemelli da polso. Questi sono fatti a mano e disponibili in un'ampia gamma di colori.<\/p>\n<p>Materiale: morbida fascia elastica<\/p>","protected":false},"excerpt":{"rendered":"<p>Alle unsere Hemden besitzen ein zus\u00e4tzliches Knopfloch an den Manschetten. Somit k\u00f6nnen Sie jedes Outfit mit eleganten Manschettenkn\u00f6pfen aufwerten. Diese sind handgemacht und in einer grossen Auswahl an Farben erh\u00e4ltlich. Material: Soft stretchband<\/p>","protected":false},"featured_media":507629,"template":"","meta":[],"product_brand":[],"product_cat":[4209],"product_tag":[],"class_list":{"0":"post-507583","1":"product","2":"type-product","3":"status-publish","4":"has-post-thumbnail","6":"product_cat-zubehoer","7":"pa_brand-harvest-frost","8":"pa_brand-type-workwear","9":"pa_filter-color-blau","10":"pa_filter-color-gelb","11":"pa_filter-color-gruen","12":"pa_filter-color-rot","13":"pa_filter-color-schwarz","14":"pa_filter-color-violet","15":"pa_filter-color-weiss","17":"first","18":"instock","19":"sale","20":"taxable","21":"shipping-taxable","22":"purchasable","23":"product-type-variable","24":"add-to-wishlist-before_image"},"exclude_global_add_ons":[],"addons":[],"acf":[],"_links":{"self":[{"href":"https:\/\/shop.kustom.ch\/it\/wp-json\/wp\/v2\/product\/507583"}],"collection":[{"href":"https:\/\/shop.kustom.ch\/it\/wp-json\/wp\/v2\/product"}],"about":[{"href":"https:\/\/shop.kustom.ch\/it\/wp-json\/wp\/v2\/types\/product"}],"wp:featuredmedia":[{"embeddable":true,"href":"https:\/\/shop.kustom.ch\/it\/wp-json\/wp\/v2\/media\/507629"}],"wp:attachment":[{"href":"https:\/\/shop.kustom.ch\/it\/wp-json\/wp\/v2\/media?parent=507583"}],"wp:term":[{"taxonomy":"product_brand","embeddable":true,"href":"https:\/\/shop.kustom.ch\/it\/wp-json\/wp\/v2\/product_brand?post=507583"},{"taxonomy":"product_cat","embeddable":true,"href":"https:\/\/shop.kustom.ch\/it\/wp-json\/wp\/v2\/product_cat?post=507583"},{"taxonomy":"product_tag","embeddable":true,"href":"https:\/\/shop.kustom.ch\/it\/wp-json\/wp\/v2\/product_tag?post=507583"}],"curies":[{"name":"wp","href":"https:\/\/api.w.org\/{rel}","templated":true}]}}