{"id":507582,"date":"2025-01-25T00:24:47","date_gmt":"2025-01-24T23:24:47","guid":{"rendered":"https:\/\/shop.kustom.ch\/?post_type=product&#038;p=507582"},"modified":"2026-03-31T12:01:30","modified_gmt":"2026-03-31T11:01:30","slug":"club-blazer-30-woman","status":"publish","type":"product","link":"https:\/\/shop.kustom.ch\/it\/prodotto\/club-blazer-30-woman\/","title":{"rendered":"Club Blazer 30 Donna"},"content":{"rendered":"<p>Il nostro moderno blazer da club con funzione stretch ha spalle morbidissime, una vita sartoriale e un interno a farfalla semi-foderato. Presenta un ampio bavero, tasche laterali applicate, una tasca a filetto sul petto e doppi spacchi sull'orlo posteriore. La costruzione del tessuto conferisce un aspetto robusto per un mood meno formale ma elegante. Indossate il blazer Club con i vostri jeans preferiti o abbinatelo ai nostri pantaloni classici grigi per un look casual moderno e sportivo.<br \/>\n- Lana 70%, poliestere 20%, PTT stretch 10%, 400 g\/m\u00b2.<br \/>\n- Risvolto dentellato di 8 cm<br \/>\n- Chiusura a 2 bottoni<br \/>\n- Doppio spacco sull'orlo posteriore del modello da uomo<br \/>\n- Tasca sul petto e 2 tasche laterali applicate<br \/>\n- Maniche con quattro bottoni sovrapposti<br \/>\n- Vestibilit\u00e0 tra slim e regular<br \/>\n- Mezza fodera in stile farfalla, materiale robusto nella zona del corpo<br \/>\n- Fodera a fantasia all'interno delle maniche, trattata con una finitura antibatterica<br \/>\n- 3 tasche interne<\/p>\n<p>Materiale: 70% LANA, 20% poliestere, 10% PTT STRETCH<\/p>","protected":false},"excerpt":{"rendered":"<p>Unser moderner Club Blazer mit Stretch Funktion hat superweiche Schultern, eine massgeschneiderte Taille und ein halbgef\u00fcttertes Butterfly Interieur. Er verf\u00fcgt \u00fcber ein grossz\u00fcgiges Revers, aufgesetzte Seitentaschen, eine Leistentasche auf der Brust und doppelte Bel\u00fcftungsschlitze am R\u00fcckensaum. Die Stoffkonstruktion vermittelt einen robusten Look f\u00fcr eine weniger formelle und dennoch elegante Stimmung. Tragen Sie den Club Blazer [&hellip;]<\/p>\n","protected":false},"featured_media":507599,"template":"","meta":[],"product_brand":[],"product_cat":[4186],"product_tag":[],"class_list":{"0":"post-507582","1":"product","2":"type-product","3":"status-publish","4":"has-post-thumbnail","6":"product_cat-jacken","7":"pa_brand-harvest-frost","8":"pa_brand-type-workwear","9":"pa_filter-color-blau","10":"pa_filter-color-braun","11":"pa_filter-color-grau","13":"first","14":"instock","15":"sale","16":"taxable","17":"shipping-taxable","18":"purchasable","19":"product-type-variable","20":"add-to-wishlist-before_image"},"exclude_global_add_ons":[],"addons":[],"acf":[],"_links":{"self":[{"href":"https:\/\/shop.kustom.ch\/it\/wp-json\/wp\/v2\/product\/507582"}],"collection":[{"href":"https:\/\/shop.kustom.ch\/it\/wp-json\/wp\/v2\/product"}],"about":[{"href":"https:\/\/shop.kustom.ch\/it\/wp-json\/wp\/v2\/types\/product"}],"wp:featuredmedia":[{"embeddable":true,"href":"https:\/\/shop.kustom.ch\/it\/wp-json\/wp\/v2\/media\/507599"}],"wp:attachment":[{"href":"https:\/\/shop.kustom.ch\/it\/wp-json\/wp\/v2\/media?parent=507582"}],"wp:term":[{"taxonomy":"product_brand","embeddable":true,"href":"https:\/\/shop.kustom.ch\/it\/wp-json\/wp\/v2\/product_brand?post=507582"},{"taxonomy":"product_cat","embeddable":true,"href":"https:\/\/shop.kustom.ch\/it\/wp-json\/wp\/v2\/product_cat?post=507582"},{"taxonomy":"product_tag","embeddable":true,"href":"https:\/\/shop.kustom.ch\/it\/wp-json\/wp\/v2\/product_tag?post=507582"}],"curies":[{"name":"wp","href":"https:\/\/api.w.org\/{rel}","templated":true}]}}