{"id":507516,"date":"2025-01-25T00:24:29","date_gmt":"2025-01-24T23:24:29","guid":{"rendered":"https:\/\/shop.kustom.ch\/produkt\/classic-trouser-man\/"},"modified":"2026-03-31T12:03:50","modified_gmt":"2026-03-31T11:03:50","slug":"classic-trouser-man","status":"publish","type":"product","link":"https:\/\/shop.kustom.ch\/it\/prodotto\/classic-trouser-man\/","title":{"rendered":"Pantalone classico"},"content":{"rendered":"<p>Il massimo del comfort. Questi pantaloni alla moda, con fronte piatto, taglio slim e stretch idrorepellente a 4 vie, offrono libert\u00e0 di movimento in ogni momento.<br \/>\nAnche i cambiamenti del tempo non influiscono su questi pantaloni. Quando piove, le gocce rotolano via dalla superficie dei pantaloni grazie a una finitura innovativa. Le aree particolarmente sollecitate dei pantaloni sono state trattate con l'innovativo e brevettato trattamento Supercrease.<br \/>\nMorbida fascia interna in vita realizzata con il materiale principale per un maggiore comfort di movimento. Foderato fino al ginocchio con morbida viscosa.<br \/>\nAbbinate questi pantaloni al nostro blazer classico per un look completo o a una camicia elegante per un look elegante da ufficio.<br \/>\n- Tessuto elasticizzato a 4 vie ad alte prestazioni. Traspirante<br \/>\n- 260 g\/m\u00b2. Finitura ecologica e idrorepellente<br \/>\n- Tessuto principale: 86% cotone, 8,5% poliestere, 5% lycra, 0,5% agente antistatico<br \/>\n- Vestibilit\u00e0 regolare, taglio dritto<br \/>\n- Fronte piatto<br \/>\n- Tasca sul retro, tasca laterale con cuciture AMF<br \/>\n- Cerniera YKK con gancio<br \/>\n- Estensione della cintura visibile esternamente<br \/>\n- Foderato fino al ginocchio, poliestere 55%, viscosa 45%<\/p>\n<p>Materiale: 86% lana, 8,5% poliestere, 5% lycra, 0,5% antistatico<\/p>","protected":false},"excerpt":{"rendered":"<p>So bequem wie es nur geht. Diese stilvolle Hose mit flacher Vorderseite, schlankem Schnitt und aus wasserabweisendem 4 Wege Stretch bietet Bewegungsfreiheit in jedem Moment. Auch Wetterver\u00e4nderung l\u00e4sst dieser Hose nichts anhaben. Bei Regen perlen die Tropfen ganz einfach durch ein innovatives Finish von der Oberfl\u00e4che Ihrer Hose ab. Besonders beanspruchte Stellen an der Hose [&hellip;]<\/p>\n","protected":false},"featured_media":507515,"template":"","meta":[],"product_brand":[],"product_cat":[4185],"product_tag":[],"class_list":{"0":"post-507516","1":"product","2":"type-product","3":"status-publish","4":"has-post-thumbnail","6":"product_cat-hosen","7":"pa_brand-harvest-frost","8":"pa_brand-type-workwear","9":"pa_filter-color-blau","10":"pa_filter-color-grau","11":"pa_filter-color-schwarz","13":"first","14":"instock","15":"sale","16":"taxable","17":"shipping-taxable","18":"purchasable","19":"product-type-variable","20":"add-to-wishlist-before_image"},"exclude_global_add_ons":[],"addons":[],"acf":[],"_links":{"self":[{"href":"https:\/\/shop.kustom.ch\/it\/wp-json\/wp\/v2\/product\/507516"}],"collection":[{"href":"https:\/\/shop.kustom.ch\/it\/wp-json\/wp\/v2\/product"}],"about":[{"href":"https:\/\/shop.kustom.ch\/it\/wp-json\/wp\/v2\/types\/product"}],"wp:featuredmedia":[{"embeddable":true,"href":"https:\/\/shop.kustom.ch\/it\/wp-json\/wp\/v2\/media\/507515"}],"wp:attachment":[{"href":"https:\/\/shop.kustom.ch\/it\/wp-json\/wp\/v2\/media?parent=507516"}],"wp:term":[{"taxonomy":"product_brand","embeddable":true,"href":"https:\/\/shop.kustom.ch\/it\/wp-json\/wp\/v2\/product_brand?post=507516"},{"taxonomy":"product_cat","embeddable":true,"href":"https:\/\/shop.kustom.ch\/it\/wp-json\/wp\/v2\/product_cat?post=507516"},{"taxonomy":"product_tag","embeddable":true,"href":"https:\/\/shop.kustom.ch\/it\/wp-json\/wp\/v2\/product_tag?post=507516"}],"curies":[{"name":"wp","href":"https:\/\/api.w.org\/{rel}","templated":true}]}}