{"id":507385,"date":"2025-01-25T00:23:57","date_gmt":"2025-01-24T23:23:57","guid":{"rendered":"https:\/\/shop.kustom.ch\/?post_type=product&#038;p=507385"},"modified":"2026-04-01T11:52:20","modified_gmt":"2026-04-01T10:52:20","slug":"classic-blazer-20-man","status":"publish","type":"product","link":"https:\/\/shop.kustom.ch\/it\/prodotto\/classic-blazer-20-man\/","title":{"rendered":"Blazer classico 20 Uomo"},"content":{"rendered":"<p>Il nuovo blazer \u00e8 stato completamente ridisegnato e, grazie al comodo tessuto elasticizzato a 4 vie, offre una nuova libert\u00e0 di movimento in ogni momento.<br \/>\nAnche il maltempo non lo intacca. Quando piove, le gocce rotolano via dalla superficie del blazer grazie a una finitura innovativa.<br \/>\nLe spalle leggermente arrotondate e le cuciture AMF conferiscono al blazer un aspetto elegante e rilassato, ma allo stesso tempo elegante e formale. Perfetto per ogni occasione.<br \/>\nAll'interno, il blazer presenta una morbida fodera in viscosa in un'elegante combinazione di colori. Inoltre, la fodera delle maniche \u00e8 stata trattata con una finitura antibatterica per evitare odori indesiderati durante una dura giornata di lavoro.<br \/>\n- Tessuto elasticizzato a 4 vie ad alte prestazioni. Traspirante<br \/>\n- 260 g\/m\u00b2. Finitura ecologica e idrorepellente<br \/>\n- Esterno: 86% cotone, 8,5% poliestere, 5% lycra, 0,5% agente antistatico. Fodera interna in viscosa<br \/>\n- Chiusura a 2 bottoni<br \/>\n- Doppio spacco sull'orlo posteriore del modello da uomo, senza spacco sul modello da donna<br \/>\n- Tasca sul petto e due tasche supplementari<br \/>\n- 4 tasche interne<br \/>\n- Maniche con quattro bottoni sovrapposti<br \/>\n- Vestibilit\u00e0 tra slim e regular<br \/>\n- Completamente foderato. Materiale robusto sul corpo, fodera a fantasia all'interno delle maniche, trattata con una finitura antibatterica.<\/p>\n<p>Materiale: 86% lana, 8,5% poliestere, 5% lycra, 0,5% antistatico<\/p>","protected":false},"excerpt":{"rendered":"<p>Der neue Blazer ist komplett \u00fcberarbeitet worden und bietet mit dem komfortablen 4 Wege Stretch Gewebe eine neue Bewegungsfreiheit in jedem Moment. Auch schlechtes Wetter l\u00e4sst ihm nichts anhaben. Bei Regen perlen die Tropfen ganz einfach durch ein innovatives Finish von der Oberfl\u00e4che Ihres Blazers ab. Leicht abgerundete Schultern und AMF N\u00e4hte verleihen dem Blazer [&hellip;]<\/p>\n","protected":false},"featured_media":507430,"template":"","meta":[],"product_brand":[],"product_cat":[4186],"product_tag":[],"class_list":{"0":"post-507385","1":"product","2":"type-product","3":"status-publish","4":"has-post-thumbnail","6":"product_cat-jacken","7":"pa_brand-harvest-frost","8":"pa_brand-type-workwear","9":"pa_filter-color-blau","10":"pa_filter-color-grau","11":"pa_filter-color-schwarz","13":"first","14":"instock","15":"sale","16":"taxable","17":"shipping-taxable","18":"purchasable","19":"product-type-variable","20":"add-to-wishlist-before_image"},"exclude_global_add_ons":[],"addons":[],"acf":[],"_links":{"self":[{"href":"https:\/\/shop.kustom.ch\/it\/wp-json\/wp\/v2\/product\/507385"}],"collection":[{"href":"https:\/\/shop.kustom.ch\/it\/wp-json\/wp\/v2\/product"}],"about":[{"href":"https:\/\/shop.kustom.ch\/it\/wp-json\/wp\/v2\/types\/product"}],"wp:featuredmedia":[{"embeddable":true,"href":"https:\/\/shop.kustom.ch\/it\/wp-json\/wp\/v2\/media\/507430"}],"wp:attachment":[{"href":"https:\/\/shop.kustom.ch\/it\/wp-json\/wp\/v2\/media?parent=507385"}],"wp:term":[{"taxonomy":"product_brand","embeddable":true,"href":"https:\/\/shop.kustom.ch\/it\/wp-json\/wp\/v2\/product_brand?post=507385"},{"taxonomy":"product_cat","embeddable":true,"href":"https:\/\/shop.kustom.ch\/it\/wp-json\/wp\/v2\/product_cat?post=507385"},{"taxonomy":"product_tag","embeddable":true,"href":"https:\/\/shop.kustom.ch\/it\/wp-json\/wp\/v2\/product_tag?post=507385"}],"curies":[{"name":"wp","href":"https:\/\/api.w.org\/{rel}","templated":true}]}}