{"id":507383,"date":"2025-01-25T00:23:57","date_gmt":"2025-01-24T23:23:57","guid":{"rendered":"https:\/\/shop.kustom.ch\/?post_type=product&#038;p=507383"},"modified":"2026-03-31T12:02:38","modified_gmt":"2026-03-31T11:02:38","slug":"casual-blazer","status":"publish","type":"product","link":"https:\/\/shop.kustom.ch\/it\/prodotto\/casual-blazer\/","title":{"rendered":"Blazer casual"},"content":{"rendered":"<p>Da lontano pu\u00f2 sembrare un blazer formale, ma da vicino \u00e8 un must-have sportivo ed elegante. Il tessuto in jersey \u00e8 estremamente confortevole, leggero ed elastico. Grazie alla sua superficie antipiega, \u00e8 perfetto per i viaggi. Questa felpa ibrida tra felpa e soprabito e blazer vi dar\u00e0 un aspetto gradevole e vi far\u00e0 sentire a vostro agio. Abbinatela a una camicia della nostra linea Bow. Vestitela bene o vestitela male, tutto l'anno.<br \/>\n- Cotone 60%, poliestere 40%<br \/>\n- Senza tasca sul petto<br \/>\n- Chiusura con 2 bottoni<br \/>\n- Nessuna ventilazione<br \/>\n- 2 tasche laterali applicate<br \/>\n- Maniche con 4 bottoni sovrapposti<br \/>\n- Vestibilit\u00e0 tra slim e regular<br \/>\n- Disponibile per uomo e donna<br \/>\n- Completamente foderato<\/p>\n<p>Materiale: cotone 60%, poliestere 40%<\/p>","protected":false},"excerpt":{"rendered":"<p>Aus der Ferne mag es wie ein formeller Blazer aussehen, aber aus der N\u00e4he ist es ein sportlich, elegantes Must Have. Der Jersey-Stoff ist \u00e4usserst bequem, leicht und dehnbar. Mit seiner knitterfreien Oberfl\u00e4che ist er perfekt f\u00fcr unterwegs. Sie werden sowohl gut aussehen als auch sich wohlf\u00fchlen in diesem hybriden Sweatshirt-trifft-Overshirt-trifft-Blazer. Kombinieren Sie es mit [&hellip;]<\/p>\n","protected":false},"featured_media":507396,"template":"","meta":[],"product_brand":[],"product_cat":[4186],"product_tag":[],"class_list":{"0":"post-507383","1":"product","2":"type-product","3":"status-publish","4":"has-post-thumbnail","6":"product_cat-jacken","7":"pa_brand-harvest-frost","8":"pa_brand-type-workwear","9":"pa_filter-color-blau","10":"pa_filter-color-schwarz","12":"first","13":"instock","14":"sale","15":"taxable","16":"shipping-taxable","17":"purchasable","18":"product-type-variable","19":"add-to-wishlist-before_image"},"exclude_global_add_ons":[],"addons":[],"acf":[],"_links":{"self":[{"href":"https:\/\/shop.kustom.ch\/it\/wp-json\/wp\/v2\/product\/507383"}],"collection":[{"href":"https:\/\/shop.kustom.ch\/it\/wp-json\/wp\/v2\/product"}],"about":[{"href":"https:\/\/shop.kustom.ch\/it\/wp-json\/wp\/v2\/types\/product"}],"wp:featuredmedia":[{"embeddable":true,"href":"https:\/\/shop.kustom.ch\/it\/wp-json\/wp\/v2\/media\/507396"}],"wp:attachment":[{"href":"https:\/\/shop.kustom.ch\/it\/wp-json\/wp\/v2\/media?parent=507383"}],"wp:term":[{"taxonomy":"product_brand","embeddable":true,"href":"https:\/\/shop.kustom.ch\/it\/wp-json\/wp\/v2\/product_brand?post=507383"},{"taxonomy":"product_cat","embeddable":true,"href":"https:\/\/shop.kustom.ch\/it\/wp-json\/wp\/v2\/product_cat?post=507383"},{"taxonomy":"product_tag","embeddable":true,"href":"https:\/\/shop.kustom.ch\/it\/wp-json\/wp\/v2\/product_tag?post=507383"}],"curies":[{"name":"wp","href":"https:\/\/api.w.org\/{rel}","templated":true}]}}