{"id":506786,"date":"2025-01-25T00:16:21","date_gmt":"2025-01-24T23:16:21","guid":{"rendered":"https:\/\/shop.kustom.ch\/?post_type=product&#038;p=506786"},"modified":"2026-03-31T10:55:22","modified_gmt":"2026-03-31T09:55:22","slug":"tribeca-lady","status":"publish","type":"product","link":"https:\/\/shop.kustom.ch\/it\/prodotto\/tribeca-lady\/","title":{"rendered":"SIGNORA DELLA TRIB\u00d9"},"content":{"rendered":"<p>Camicia di alta qualit\u00e0 in cotone pettinato con trattamento Easy Care. Cuciture, collo e maniche rinforzate. Motivo a quadri con colore a contrasto sul colletto, sull'abbottonatura, sulle maniche e sulla fascia del collo. Vestibilit\u00e0 moderna.<\/p>\n<p>Materiale: cotone 100%<br \/>\n135 g\/m\u00b2<\/p>","protected":false},"excerpt":{"rendered":"<p>Hochwertiges Hemd aus gek\u00e4mmter Baumwolle mit Easy Care Behandlung. N\u00e4hte, Kragen und \u00c4rmel sind verst\u00e4rkt. Karomuster mit Kontrastfarbe im Kragen, an der Knopfleiste, sowie an \u00c4rmel und Nackenband. Moderne Passform. Material: 100% Baumwolle 135 g\/m\u00b2<\/p>","protected":false},"featured_media":506811,"template":"","meta":[],"product_brand":[],"product_cat":[9895],"product_tag":[],"class_list":{"0":"post-506786","1":"product","2":"type-product","3":"status-publish","4":"has-post-thumbnail","6":"product_cat-blusen","7":"pa_brand-harvest","8":"pa_brand-type-sportswear","9":"pa_filter-color-blau","10":"pa_filter-color-schwarz","12":"first","13":"instock","14":"sale","15":"taxable","16":"shipping-taxable","17":"purchasable","18":"product-type-variable","19":"add-to-wishlist-before_image"},"exclude_global_add_ons":[],"addons":[],"acf":[],"_links":{"self":[{"href":"https:\/\/shop.kustom.ch\/it\/wp-json\/wp\/v2\/product\/506786"}],"collection":[{"href":"https:\/\/shop.kustom.ch\/it\/wp-json\/wp\/v2\/product"}],"about":[{"href":"https:\/\/shop.kustom.ch\/it\/wp-json\/wp\/v2\/types\/product"}],"wp:featuredmedia":[{"embeddable":true,"href":"https:\/\/shop.kustom.ch\/it\/wp-json\/wp\/v2\/media\/506811"}],"wp:attachment":[{"href":"https:\/\/shop.kustom.ch\/it\/wp-json\/wp\/v2\/media?parent=506786"}],"wp:term":[{"taxonomy":"product_brand","embeddable":true,"href":"https:\/\/shop.kustom.ch\/it\/wp-json\/wp\/v2\/product_brand?post=506786"},{"taxonomy":"product_cat","embeddable":true,"href":"https:\/\/shop.kustom.ch\/it\/wp-json\/wp\/v2\/product_cat?post=506786"},{"taxonomy":"product_tag","embeddable":true,"href":"https:\/\/shop.kustom.ch\/it\/wp-json\/wp\/v2\/product_tag?post=506786"}],"curies":[{"name":"wp","href":"https:\/\/api.w.org\/{rel}","templated":true}]}}