{"id":506120,"date":"2025-01-25T00:12:21","date_gmt":"2025-01-24T23:12:21","guid":{"rendered":"https:\/\/shop.kustom.ch\/?post_type=product&#038;p=506120"},"modified":"2026-03-31T10:52:01","modified_gmt":"2026-03-31T09:52:01","slug":"parkwick-lady","status":"publish","type":"product","link":"https:\/\/shop.kustom.ch\/it\/prodotto\/parkwick-lady\/","title":{"rendered":"La signora di Parkwick"},"content":{"rendered":"<p>Giacca con cappuccio in materiale doubleface, cotone all'esterno e pile all'interno. Zip in metallo sul davanti e sul taschino. Polsini e vita a coste.<\/p>\n<p>Materiale: cotone 100% all'esterno, poliestere 100% all'interno, 320 g\/m\u00b2.<\/p>","protected":false},"excerpt":{"rendered":"<p>Kapuzenjacke aus Doubleface Material, Baumwolle Aussen und Fleece Innen. Metallreissverschl\u00fcsse vorne und an der Brusttasche. Rippenb\u00fcndchen am Bund und an den \u00c4rmeln. Material: 100% Baumwolle aussen, 100% Polyester innen, 320 g\/m\u00b2<\/p>","protected":false},"featured_media":506157,"template":"","meta":[],"product_brand":[],"product_cat":[4191],"product_tag":[],"class_list":{"0":"post-506120","1":"product","2":"type-product","3":"status-publish","4":"has-post-thumbnail","6":"product_cat-longsleeves-sweatshirts","7":"pa_brand-harvest","8":"pa_brand-type-sportswear","9":"pa_filter-color-blau","10":"pa_filter-color-grau","11":"pa_filter-color-rot","12":"pa_filter-color-schwarz","14":"first","15":"instock","16":"sale","17":"taxable","18":"shipping-taxable","19":"purchasable","20":"product-type-variable","21":"add-to-wishlist-before_image"},"exclude_global_add_ons":[],"addons":[],"acf":[],"_links":{"self":[{"href":"https:\/\/shop.kustom.ch\/it\/wp-json\/wp\/v2\/product\/506120"}],"collection":[{"href":"https:\/\/shop.kustom.ch\/it\/wp-json\/wp\/v2\/product"}],"about":[{"href":"https:\/\/shop.kustom.ch\/it\/wp-json\/wp\/v2\/types\/product"}],"wp:featuredmedia":[{"embeddable":true,"href":"https:\/\/shop.kustom.ch\/it\/wp-json\/wp\/v2\/media\/506157"}],"wp:attachment":[{"href":"https:\/\/shop.kustom.ch\/it\/wp-json\/wp\/v2\/media?parent=506120"}],"wp:term":[{"taxonomy":"product_brand","embeddable":true,"href":"https:\/\/shop.kustom.ch\/it\/wp-json\/wp\/v2\/product_brand?post=506120"},{"taxonomy":"product_cat","embeddable":true,"href":"https:\/\/shop.kustom.ch\/it\/wp-json\/wp\/v2\/product_cat?post=506120"},{"taxonomy":"product_tag","embeddable":true,"href":"https:\/\/shop.kustom.ch\/it\/wp-json\/wp\/v2\/product_tag?post=506120"}],"curies":[{"name":"wp","href":"https:\/\/api.w.org\/{rel}","templated":true}]}}