{"id":505929,"date":"2025-01-25T00:11:51","date_gmt":"2025-01-24T23:11:51","guid":{"rendered":"https:\/\/shop.kustom.ch\/?post_type=product&#038;p=505929"},"modified":"2026-03-31T10:44:31","modified_gmt":"2026-03-31T09:44:31","slug":"officer-lady","status":"publish","type":"product","link":"https:\/\/shop.kustom.ch\/it\/prodotto\/officer-lady\/","title":{"rendered":"Ufficiale Signora"},"content":{"rendered":"<p>Pantaloni chino moderni e ben aderenti, in materiale morbido e piacevole, con contenuto elasticizzato per un comfort e una libert\u00e0 di movimento ottimali. Il tessuto \u00e8 stato sottoposto a un trattamento enzimatico, che lo rende morbido e antipolvere. Uomo: Tasche posteriori con barrette a contrasto. Donna: Tasche posteriori decentrate per un tocco femminile in pi\u00f9. Zip YKK.<\/p>\n<p>Materiale: 98% cotone, 2% elsthan, 280-290g\/m\u00b2<\/p>","protected":false},"excerpt":{"rendered":"<p>Moderne, gut sitzende Chino Hose mit angenehm, weichem Material mit Stretchanteil f\u00fcr optimalen Komfort und Bewegungsfreiheit. Das Gewebe wurde enzymbehandelt, dass das Material vorschrumpft und es weich und staubabweisend macht. Herren: Ges\u00e4sstaschen mit kontrastierenden Riegelstichen. Frauen: Versetzte Ges\u00e4sstaschen f\u00fcr eine extra feminine Note. YKK Reissverschlus. Material: 98% cotton, 2% elsthan, 280-290g\/m\u00b2<\/p>","protected":false},"featured_media":505967,"template":"","meta":[],"product_brand":[],"product_cat":[4185],"product_tag":[],"class_list":{"0":"post-505929","1":"product","2":"type-product","3":"status-publish","4":"has-post-thumbnail","6":"product_cat-hosen","7":"pa_brand-harvest","8":"pa_brand-type-sportswear","9":"pa_filter-color-beige","10":"pa_filter-color-blau","11":"pa_filter-color-braun","12":"pa_filter-color-grau","13":"pa_filter-color-gruen","14":"pa_filter-color-rot","15":"pa_filter-color-schwarz","17":"first","18":"instock","19":"sale","20":"taxable","21":"shipping-taxable","22":"purchasable","23":"product-type-variable","24":"add-to-wishlist-before_image"},"exclude_global_add_ons":[],"addons":[],"acf":[],"_links":{"self":[{"href":"https:\/\/shop.kustom.ch\/it\/wp-json\/wp\/v2\/product\/505929"}],"collection":[{"href":"https:\/\/shop.kustom.ch\/it\/wp-json\/wp\/v2\/product"}],"about":[{"href":"https:\/\/shop.kustom.ch\/it\/wp-json\/wp\/v2\/types\/product"}],"wp:featuredmedia":[{"embeddable":true,"href":"https:\/\/shop.kustom.ch\/it\/wp-json\/wp\/v2\/media\/505967"}],"wp:attachment":[{"href":"https:\/\/shop.kustom.ch\/it\/wp-json\/wp\/v2\/media?parent=505929"}],"wp:term":[{"taxonomy":"product_brand","embeddable":true,"href":"https:\/\/shop.kustom.ch\/it\/wp-json\/wp\/v2\/product_brand?post=505929"},{"taxonomy":"product_cat","embeddable":true,"href":"https:\/\/shop.kustom.ch\/it\/wp-json\/wp\/v2\/product_cat?post=505929"},{"taxonomy":"product_tag","embeddable":true,"href":"https:\/\/shop.kustom.ch\/it\/wp-json\/wp\/v2\/product_tag?post=505929"}],"curies":[{"name":"wp","href":"https:\/\/api.w.org\/{rel}","templated":true}]}}