{"id":505739,"date":"2025-01-25T00:11:17","date_gmt":"2025-01-24T23:11:17","guid":{"rendered":"https:\/\/shop.kustom.ch\/?post_type=product&#038;p=505739"},"modified":"2026-03-31T10:41:21","modified_gmt":"2026-03-31T09:41:21","slug":"officer","status":"publish","type":"product","link":"https:\/\/shop.kustom.ch\/it\/prodotto\/officer\/","title":{"rendered":"Ufficiale"},"content":{"rendered":"<p>Pantaloni chino moderni e ben aderenti, in materiale morbido e piacevole, con contenuto elasticizzato per un comfort e una libert\u00e0 di movimento ottimali. Il tessuto \u00e8 stato sottoposto a un trattamento enzimatico, che lo rende morbido e antipolvere. Uomo: Tasche posteriori con barrette a contrasto. Donna: Tasche posteriori decentrate per un tocco femminile in pi\u00f9. Zip YKK.<\/p>\n<p>Materiale: 98% cotone 2% elastan, 280-290g\/m\u00b2<\/p>","protected":false},"excerpt":{"rendered":"<p>Moderne, gut sitzende Chino Hose mit angenehm, weichem Material mit Stretchanteil f\u00fcr optimalen Komfort und Bewegungsfreiheit. Das Gewebe wurde enzymbehandelt, dass das Material vorschrumpft und es weich und staubabweisend macht. Herren: Ges\u00e4sstaschen mit kontrastierenden Riegelstichen. Frauen: Versetzte Ges\u00e4sstaschen f\u00fcr eine extra feminine Note. YKK Reissverschlus. Material: 98% Baumwolle 2% Elasthan, 280-290g\/m\u00b2<\/p>","protected":false},"featured_media":505774,"template":"","meta":[],"product_brand":[],"product_cat":[4185],"product_tag":[],"class_list":{"0":"post-505739","1":"product","2":"type-product","3":"status-publish","4":"has-post-thumbnail","6":"product_cat-hosen","7":"pa_brand-harvest","8":"pa_brand-type-sportswear","9":"pa_filter-color-beige","10":"pa_filter-color-blau","11":"pa_filter-color-braun","12":"pa_filter-color-grau","13":"pa_filter-color-gruen","14":"pa_filter-color-schwarz","16":"first","17":"instock","18":"sale","19":"taxable","20":"shipping-taxable","21":"purchasable","22":"product-type-variable","23":"add-to-wishlist-before_image"},"exclude_global_add_ons":[],"addons":[],"acf":[],"_links":{"self":[{"href":"https:\/\/shop.kustom.ch\/it\/wp-json\/wp\/v2\/product\/505739"}],"collection":[{"href":"https:\/\/shop.kustom.ch\/it\/wp-json\/wp\/v2\/product"}],"about":[{"href":"https:\/\/shop.kustom.ch\/it\/wp-json\/wp\/v2\/types\/product"}],"wp:featuredmedia":[{"embeddable":true,"href":"https:\/\/shop.kustom.ch\/it\/wp-json\/wp\/v2\/media\/505774"}],"wp:attachment":[{"href":"https:\/\/shop.kustom.ch\/it\/wp-json\/wp\/v2\/media?parent=505739"}],"wp:term":[{"taxonomy":"product_brand","embeddable":true,"href":"https:\/\/shop.kustom.ch\/it\/wp-json\/wp\/v2\/product_brand?post=505739"},{"taxonomy":"product_cat","embeddable":true,"href":"https:\/\/shop.kustom.ch\/it\/wp-json\/wp\/v2\/product_cat?post=505739"},{"taxonomy":"product_tag","embeddable":true,"href":"https:\/\/shop.kustom.ch\/it\/wp-json\/wp\/v2\/product_tag?post=505739"}],"curies":[{"name":"wp","href":"https:\/\/api.w.org\/{rel}","templated":true}]}}