{"id":505319,"date":"2025-01-25T00:08:57","date_gmt":"2025-01-24T23:08:57","guid":{"rendered":"https:\/\/shop.kustom.ch\/produkt\/miles\/"},"modified":"2026-03-31T10:34:14","modified_gmt":"2026-03-31T09:34:14","slug":"miles","status":"publish","type":"product","link":"https:\/\/shop.kustom.ch\/it\/prodotto\/miles\/","title":{"rendered":"Miglia"},"content":{"rendered":"<p>Giacca in pile morbida e liscia. Il materiale \u00e8 lavorato a maglia waffle per un isolamento e un trasporto dell'umidit\u00e0 ottimali. Tasche foderate in rete che possono essere utilizzate anche come aperture di ventilazione aggiuntive. Patta antivento dietro la zip principale. Apertura per i pollici all'estremit\u00e0 delle maniche.<\/p>\n<p>Materiale: 94% poliestere 6% elastan 260g\/m<\/p>","protected":false},"excerpt":{"rendered":"<p>Weiche und glatte Fleecejacke. Das Material ist Waffelgestrickt f\u00fcr beste Isolierung und Feuchtigkeitstransport. Mesh gef\u00fctterte Taschen, die auch als zus\u00e4tzliche Bel\u00fcftungs\u00f6ffnungen nutzbar sind. Windleiste hinter dem Haupt Reissverschluss. Daumen\u00f6ffnung am \u00c4rmelende. Material: 94% Polyester 6% Elasthan 260g\/m<\/p>","protected":false},"featured_media":505318,"template":"","meta":[],"product_brand":[],"product_cat":[4186],"product_tag":[],"class_list":{"0":"post-505319","1":"product","2":"type-product","3":"status-publish","4":"has-post-thumbnail","6":"product_cat-jacken","7":"pa_brand-harvest","8":"pa_brand-type-sportswear","9":"pa_filter-color-blau","10":"pa_filter-color-schwarz","12":"first","13":"instock","14":"sale","15":"taxable","16":"shipping-taxable","17":"purchasable","18":"product-type-variable","19":"add-to-wishlist-before_image"},"exclude_global_add_ons":[],"addons":[],"acf":[],"_links":{"self":[{"href":"https:\/\/shop.kustom.ch\/it\/wp-json\/wp\/v2\/product\/505319"}],"collection":[{"href":"https:\/\/shop.kustom.ch\/it\/wp-json\/wp\/v2\/product"}],"about":[{"href":"https:\/\/shop.kustom.ch\/it\/wp-json\/wp\/v2\/types\/product"}],"wp:featuredmedia":[{"embeddable":true,"href":"https:\/\/shop.kustom.ch\/it\/wp-json\/wp\/v2\/media\/505318"}],"wp:attachment":[{"href":"https:\/\/shop.kustom.ch\/it\/wp-json\/wp\/v2\/media?parent=505319"}],"wp:term":[{"taxonomy":"product_brand","embeddable":true,"href":"https:\/\/shop.kustom.ch\/it\/wp-json\/wp\/v2\/product_brand?post=505319"},{"taxonomy":"product_cat","embeddable":true,"href":"https:\/\/shop.kustom.ch\/it\/wp-json\/wp\/v2\/product_cat?post=505319"},{"taxonomy":"product_tag","embeddable":true,"href":"https:\/\/shop.kustom.ch\/it\/wp-json\/wp\/v2\/product_tag?post=505319"}],"curies":[{"name":"wp","href":"https:\/\/api.w.org\/{rel}","templated":true}]}}