{"id":504790,"date":"2025-01-25T00:05:55","date_gmt":"2025-01-24T23:05:55","guid":{"rendered":"https:\/\/shop.kustom.ch\/?post_type=product&#038;p=504790"},"modified":"2026-03-31T10:55:24","modified_gmt":"2026-03-31T09:55:24","slug":"jupiter","status":"publish","type":"product","link":"https:\/\/shop.kustom.ch\/it\/prodotto\/jupiter\/","title":{"rendered":"GIOVE"},"content":{"rendered":"<p>Camicia in denim con bottoni e polsini regolabili. Tasca sul petto su entrambi i lati. Motivo a scacchi all'interno delle spalle e dei polsini. Orlo leggermente curvo.<\/p>\n<p>Materiale: cotone 100%, 135g\/m\u00b2<\/p>","protected":false},"excerpt":{"rendered":"<p>Button Down Jeanshemd mit verstellbaren \u00c4rmelb\u00fcndchen. Brusttasche auf beiden Seiten. Kariertes Muster an der Innenseite der Schultern und Manschetten. Leicht gew\u00f6lbter Saum. Material: 100% Baumwolle, 135g\/m\u00b2<\/p>","protected":false},"featured_media":504816,"template":"","meta":[],"product_brand":[],"product_cat":[9874],"product_tag":[],"class_list":{"0":"post-504790","1":"product","2":"type-product","3":"status-publish","4":"has-post-thumbnail","6":"product_cat-hemden","7":"pa_brand-harvest","8":"pa_brand-type-sportswear","9":"pa_filter-color-blau","10":"pa_filter-color-grau","12":"first","13":"instock","14":"sale","15":"taxable","16":"shipping-taxable","17":"purchasable","18":"product-type-variable","19":"add-to-wishlist-before_image"},"exclude_global_add_ons":[],"addons":[],"acf":[],"_links":{"self":[{"href":"https:\/\/shop.kustom.ch\/it\/wp-json\/wp\/v2\/product\/504790"}],"collection":[{"href":"https:\/\/shop.kustom.ch\/it\/wp-json\/wp\/v2\/product"}],"about":[{"href":"https:\/\/shop.kustom.ch\/it\/wp-json\/wp\/v2\/types\/product"}],"wp:featuredmedia":[{"embeddable":true,"href":"https:\/\/shop.kustom.ch\/it\/wp-json\/wp\/v2\/media\/504816"}],"wp:attachment":[{"href":"https:\/\/shop.kustom.ch\/it\/wp-json\/wp\/v2\/media?parent=504790"}],"wp:term":[{"taxonomy":"product_brand","embeddable":true,"href":"https:\/\/shop.kustom.ch\/it\/wp-json\/wp\/v2\/product_brand?post=504790"},{"taxonomy":"product_cat","embeddable":true,"href":"https:\/\/shop.kustom.ch\/it\/wp-json\/wp\/v2\/product_cat?post=504790"},{"taxonomy":"product_tag","embeddable":true,"href":"https:\/\/shop.kustom.ch\/it\/wp-json\/wp\/v2\/product_tag?post=504790"}],"curies":[{"name":"wp","href":"https:\/\/api.w.org\/{rel}","templated":true}]}}