{"id":504041,"date":"2025-01-25T00:01:49","date_gmt":"2025-01-24T23:01:49","guid":{"rendered":"https:\/\/shop.kustom.ch\/?post_type=product&#038;p=504041"},"modified":"2026-03-31T10:39:06","modified_gmt":"2026-03-31T09:39:06","slug":"deer-ridge-vest-lady","status":"publish","type":"product","link":"https:\/\/shop.kustom.ch\/it\/prodotto\/deer-ridge-vest-lady\/","title":{"rendered":"Gilet Deer Ridge Lady"},"content":{"rendered":"<p>Gilet trapuntato ultraleggero ma caldo con imbottitura in Thermolite\u00ae Micro. Due tasche esterne con zip. Polsini elasticizzati sull'orlo inferiore e sull'apertura delle braccia. Il gilet pu\u00f2 essere riposto nella tasca anteriore.<\/p>\n<p>Materiale: poliestere 100%, interno con finitura cire, 56 g\/m\u00b2 con imbottitura in PES 100% (Thermolite\u00ae Micro, 60 g\/m\u00b2). Fodera: nylon 100%<\/p>","protected":false},"excerpt":{"rendered":"<p>Gesteppte ultraleichte und dennoch warme Weste mit Thermolite\u00ae Micro F\u00fcllung. Zwei Aussentaschen mit Reissverschluss. Elastische B\u00fcndchen am unteren Saum und Arm\u00f6ffnung. Die Weste kann in der Fronttasche verpackt werden. Material: 100% Polyester, innen mit Cire-Finish, 56 g\/m\u00b2 mit 100% PES-Wattierung (Thermolite\u00ae Micro, 60 g\/m\u00b2). Futter; 100% Nylon<\/p>","protected":false},"featured_media":504100,"template":"","meta":[],"product_brand":[],"product_cat":[4208],"product_tag":[],"class_list":{"0":"post-504041","1":"product","2":"type-product","3":"status-publish","4":"has-post-thumbnail","6":"product_cat-westen","7":"pa_brand-harvest","8":"pa_brand-type-sportswear","9":"pa_filter-color-blau","10":"pa_filter-color-schwarz","12":"first","13":"instock","14":"sale","15":"taxable","16":"shipping-taxable","17":"purchasable","18":"product-type-variable","19":"add-to-wishlist-before_image"},"exclude_global_add_ons":[],"addons":[],"acf":[],"_links":{"self":[{"href":"https:\/\/shop.kustom.ch\/it\/wp-json\/wp\/v2\/product\/504041"}],"collection":[{"href":"https:\/\/shop.kustom.ch\/it\/wp-json\/wp\/v2\/product"}],"about":[{"href":"https:\/\/shop.kustom.ch\/it\/wp-json\/wp\/v2\/types\/product"}],"wp:featuredmedia":[{"embeddable":true,"href":"https:\/\/shop.kustom.ch\/it\/wp-json\/wp\/v2\/media\/504100"}],"wp:attachment":[{"href":"https:\/\/shop.kustom.ch\/it\/wp-json\/wp\/v2\/media?parent=504041"}],"wp:term":[{"taxonomy":"product_brand","embeddable":true,"href":"https:\/\/shop.kustom.ch\/it\/wp-json\/wp\/v2\/product_brand?post=504041"},{"taxonomy":"product_cat","embeddable":true,"href":"https:\/\/shop.kustom.ch\/it\/wp-json\/wp\/v2\/product_cat?post=504041"},{"taxonomy":"product_tag","embeddable":true,"href":"https:\/\/shop.kustom.ch\/it\/wp-json\/wp\/v2\/product_tag?post=504041"}],"curies":[{"name":"wp","href":"https:\/\/api.w.org\/{rel}","templated":true}]}}