{"id":503793,"date":"2025-01-25T00:00:10","date_gmt":"2025-01-24T23:00:10","guid":{"rendered":"https:\/\/shop.kustom.ch\/?post_type=product&#038;p=503793"},"modified":"2026-03-31T10:54:44","modified_gmt":"2026-03-31T09:54:44","slug":"burlingham","status":"publish","type":"product","link":"https:\/\/shop.kustom.ch\/it\/prodotto\/burlingham\/","title":{"rendered":"Burlingham"},"content":{"rendered":"<p>Camicia in jersey effetto Oxford. Dettagli in tessuto sul colletto e sugli spacchi laterali. Vestibilit\u00e0 ottimale. Bottoni in madreperla. Polsini regolabili. Collo button down da uomo.<\/p>\n<p>Materiale: cotone 60%, poliestere 40%, 165 g\/m\u00b2<\/p>","protected":false},"excerpt":{"rendered":"<p>Jersey Shirt im Oxford Look. Gewebte Details am Kragen und an den Seitenschlitzen. Optimale Passform. Perlmutt Kn\u00f6pfe. Verstellbare \u00c4rmelb\u00fcndchen. Button Down Kragen f\u00fcr die Herren. Material: 60% Baumwolle, 40% Polyester, 165 g\/m\u00b2<\/p>","protected":false},"featured_media":503833,"template":"","meta":[],"product_brand":[],"product_cat":[9874],"product_tag":[],"class_list":{"0":"post-503793","1":"product","2":"type-product","3":"status-publish","4":"has-post-thumbnail","6":"product_cat-hemden","7":"pa_brand-harvest","8":"pa_brand-type-sportswear","9":"pa_filter-color-blau","10":"pa_filter-color-schwarz","11":"pa_filter-color-weiss","13":"first","14":"instock","15":"sale","16":"taxable","17":"shipping-taxable","18":"purchasable","19":"product-type-variable","20":"add-to-wishlist-before_image"},"exclude_global_add_ons":[],"addons":[],"acf":[],"_links":{"self":[{"href":"https:\/\/shop.kustom.ch\/it\/wp-json\/wp\/v2\/product\/503793"}],"collection":[{"href":"https:\/\/shop.kustom.ch\/it\/wp-json\/wp\/v2\/product"}],"about":[{"href":"https:\/\/shop.kustom.ch\/it\/wp-json\/wp\/v2\/types\/product"}],"wp:featuredmedia":[{"embeddable":true,"href":"https:\/\/shop.kustom.ch\/it\/wp-json\/wp\/v2\/media\/503833"}],"wp:attachment":[{"href":"https:\/\/shop.kustom.ch\/it\/wp-json\/wp\/v2\/media?parent=503793"}],"wp:term":[{"taxonomy":"product_brand","embeddable":true,"href":"https:\/\/shop.kustom.ch\/it\/wp-json\/wp\/v2\/product_brand?post=503793"},{"taxonomy":"product_cat","embeddable":true,"href":"https:\/\/shop.kustom.ch\/it\/wp-json\/wp\/v2\/product_cat?post=503793"},{"taxonomy":"product_tag","embeddable":true,"href":"https:\/\/shop.kustom.ch\/it\/wp-json\/wp\/v2\/product_tag?post=503793"}],"curies":[{"name":"wp","href":"https:\/\/api.w.org\/{rel}","templated":true}]}}