{"id":503599,"date":"2025-01-24T23:58:51","date_gmt":"2025-01-24T22:58:51","guid":{"rendered":"https:\/\/shop.kustom.ch\/?post_type=product&#038;p=503599"},"modified":"2026-03-31T10:55:17","modified_gmt":"2026-03-31T09:55:17","slug":"baltimore-lady","status":"publish","type":"product","link":"https:\/\/shop.kustom.ch\/it\/prodotto\/baltimore-lady\/","title":{"rendered":"SIGNORA DI BALTIMORE"},"content":{"rendered":"<p>Camicia di alta qualit\u00e0 in cotone pettinato. Tessuto di facile manutenzione con trattamento Easy Care, cuciture rinforzate sul colletto e sulle maniche. Torso monocolore con tessuto a contrasto su colletto, polsini delle maniche e abbottonatura. Vestibilit\u00e0 moderna.<\/p>\n<p>Materiale: cotone 100%<br \/>\n135 g\/m\u00b2<\/p>","protected":false},"excerpt":{"rendered":"<p>Hochwertiges Hemd aus gek\u00e4mmter Baumwolle. Pflegeleichter Stoff mit Easy Care Behandlung, verst\u00e4rkte N\u00e4hte am Kragen und \u00c4rmelenden. Einfarbiger Torso mit Kontraststoff am Kragen, \u00c4rmelabschl\u00fcssen und Knopfleiste. Moderne Passform. Material: 100% Baumwolle 135 g\/m\u00b2<\/p>","protected":false},"featured_media":503639,"template":"","meta":[],"product_brand":[],"product_cat":[9895],"product_tag":[],"class_list":{"0":"post-503599","1":"product","2":"type-product","3":"status-publish","4":"has-post-thumbnail","6":"product_cat-blusen","7":"pa_brand-harvest","8":"pa_brand-type-sportswear","9":"pa_filter-color-blau","10":"pa_filter-color-schwarz","11":"pa_filter-color-weiss","13":"first","14":"instock","15":"sale","16":"taxable","17":"shipping-taxable","18":"purchasable","19":"product-type-variable","20":"add-to-wishlist-before_image"},"exclude_global_add_ons":[],"addons":[],"acf":[],"_links":{"self":[{"href":"https:\/\/shop.kustom.ch\/it\/wp-json\/wp\/v2\/product\/503599"}],"collection":[{"href":"https:\/\/shop.kustom.ch\/it\/wp-json\/wp\/v2\/product"}],"about":[{"href":"https:\/\/shop.kustom.ch\/it\/wp-json\/wp\/v2\/types\/product"}],"wp:featuredmedia":[{"embeddable":true,"href":"https:\/\/shop.kustom.ch\/it\/wp-json\/wp\/v2\/media\/503639"}],"wp:attachment":[{"href":"https:\/\/shop.kustom.ch\/it\/wp-json\/wp\/v2\/media?parent=503599"}],"wp:term":[{"taxonomy":"product_brand","embeddable":true,"href":"https:\/\/shop.kustom.ch\/it\/wp-json\/wp\/v2\/product_brand?post=503599"},{"taxonomy":"product_cat","embeddable":true,"href":"https:\/\/shop.kustom.ch\/it\/wp-json\/wp\/v2\/product_cat?post=503599"},{"taxonomy":"product_tag","embeddable":true,"href":"https:\/\/shop.kustom.ch\/it\/wp-json\/wp\/v2\/product_tag?post=503599"}],"curies":[{"name":"wp","href":"https:\/\/api.w.org\/{rel}","templated":true}]}}