{"id":502983,"date":"2025-01-24T23:55:44","date_gmt":"2025-01-24T22:55:44","guid":{"rendered":"https:\/\/shop.kustom.ch\/?post_type=product&#038;p=502983"},"modified":"2026-03-31T10:37:15","modified_gmt":"2026-03-31T09:37:15","slug":"american-supreme-polo","status":"publish","type":"product","link":"https:\/\/shop.kustom.ch\/it\/prodotto\/american-supreme-polo\/","title":{"rendered":"Polo American Supreme"},"content":{"rendered":"<p>Polo elasticizzata in jersey singolo con colletto button-down nascosto. La polo presenta polsini pieghettati sulle maniche per un look moderno. Inserti laterali e pannello posteriore. Bottoni tono su tono con logo Harvest inciso. Nuova vestibilit\u00e0 migliorata. Consegnata in un sacchetto di plastica compostabile a base biologica. Certificato Oeko-Tex.<\/p>\n<p>Materiale: 95% cotone organico, 5% elastan, 215 g\/m\u00b2<\/p>","protected":false},"excerpt":{"rendered":"<p>Stretch-Polo aus Single-Jersey mit verdecktem Button-Down-Kragen. Das Polo hat gefaltete Manschetten an den \u00c4rmeln f\u00fcr einen modernen Look. Seitliche Eins\u00e4tze und R\u00fcckenpasse. Ton in Ton gehaltene Kn\u00f6pfe mit eingraviertem Harvest-Logo. Neue, verbesserte Passform. Wird in einem biobasierten, kompostierbaren Polybag geliefert. \u00d6ko-Tex-zertifiziert. Material: 95% Bio Baumwolle, 5% Elasthan, 215 g\/m\u00b2<\/p>","protected":false},"featured_media":503017,"template":"","meta":[],"product_brand":[],"product_cat":[4193],"product_tag":[],"class_list":{"0":"post-502983","1":"product","2":"type-product","3":"status-publish","4":"has-post-thumbnail","6":"product_cat-polos","7":"pa_brand-harvest","8":"pa_brand-type-sportswear","9":"pa_filter-color-blau","10":"pa_filter-color-grau","11":"pa_filter-color-gruen","12":"pa_filter-color-rot","13":"pa_filter-color-schwarz","14":"pa_filter-color-weiss","16":"first","17":"instock","18":"sale","19":"taxable","20":"shipping-taxable","21":"purchasable","22":"product-type-variable","23":"add-to-wishlist-before_image"},"exclude_global_add_ons":[],"addons":[],"acf":[],"_links":{"self":[{"href":"https:\/\/shop.kustom.ch\/it\/wp-json\/wp\/v2\/product\/502983"}],"collection":[{"href":"https:\/\/shop.kustom.ch\/it\/wp-json\/wp\/v2\/product"}],"about":[{"href":"https:\/\/shop.kustom.ch\/it\/wp-json\/wp\/v2\/types\/product"}],"wp:featuredmedia":[{"embeddable":true,"href":"https:\/\/shop.kustom.ch\/it\/wp-json\/wp\/v2\/media\/503017"}],"wp:attachment":[{"href":"https:\/\/shop.kustom.ch\/it\/wp-json\/wp\/v2\/media?parent=502983"}],"wp:term":[{"taxonomy":"product_brand","embeddable":true,"href":"https:\/\/shop.kustom.ch\/it\/wp-json\/wp\/v2\/product_brand?post=502983"},{"taxonomy":"product_cat","embeddable":true,"href":"https:\/\/shop.kustom.ch\/it\/wp-json\/wp\/v2\/product_cat?post=502983"},{"taxonomy":"product_tag","embeddable":true,"href":"https:\/\/shop.kustom.ch\/it\/wp-json\/wp\/v2\/product_tag?post=502983"}],"curies":[{"name":"wp","href":"https:\/\/api.w.org\/{rel}","templated":true}]}}