{"id":502742,"date":"2025-01-24T23:47:51","date_gmt":"2025-01-24T22:47:51","guid":{"rendered":"https:\/\/shop.kustom.ch\/?post_type=product&#038;p=502742"},"modified":"2026-03-31T11:47:55","modified_gmt":"2026-03-31T10:47:55","slug":"wenatchee-jacket-ladies","status":"publish","type":"product","link":"https:\/\/shop.kustom.ch\/it\/prodotto\/wenatchee-jacket-ladies\/","title":{"rendered":"Giacca Wenatchee Donna"},"content":{"rendered":"<p>Una giacca perfetta per tutte le occasioni e le stagioni. Il cappotto \u00e8 realizzato in tessuto tecnico con cuciture nastrate rinforzate e impermeabili per proteggere dalla pioggia leggera e dal vento. Le cuciture trapuntate nascondono lo strato isolante DuPont \u2122 Sorona \u00ae Sustans. La fodera interna mantiene il calore dall'inizio dell'autunno alle fredde mattine invernali. Dotato di abbottonatura frontale nascosta, strato frontale con zip, tasca impermeabile sul petto e due tasche esterne.<\/p>\n<p>Cura:<br \/>\n- Lavare a 30\u00b0, massimo 400 giri al minuto.<br \/>\n- Asciugatura a basse temperature con palline da tennis<\/p>\n<p>Materiale: Materiale esterno: 50% poliestere riciclato, 50% poliestere, imbottitura: 100% poliestere, fodera: 100% poliestere<\/p>","protected":false},"excerpt":{"rendered":"<p>Eine perfekte Jacke f\u00fcr alle Gelegenheiten und Jahreszeiten. Der Mantel ist aus technischem Gewebe mit verst\u00e4rkten, wasserdicht verschweissten N\u00e4hten zum Schutz vor leichtem Regen und Wind ausgestattet. In den gesteppten N\u00e4hten, versteckt sich die Isolationsschicht aus Sustans von DuPont \u2122 Sorona \u00ae. Sein Innenfutter h\u00e4lt Dich vom fr\u00fchen Herbst bis zum kalten Wintermorgen warm. Ausgestattet [&hellip;]<\/p>\n","protected":false},"featured_media":502782,"template":"","meta":[],"product_brand":[],"product_cat":[4186],"product_tag":[],"class_list":{"0":"post-502742","1":"product","2":"type-product","3":"status-publish","4":"has-post-thumbnail","6":"product_cat-jacken","7":"pa_brand-cutter-buck","8":"pa_brand-type-sportswear","9":"pa_filter-color-blau","10":"pa_filter-color-schwarz","12":"first","13":"instock","14":"sale","15":"taxable","16":"shipping-taxable","17":"purchasable","18":"product-type-variable","19":"add-to-wishlist-before_image"},"exclude_global_add_ons":[],"addons":[],"acf":[],"_links":{"self":[{"href":"https:\/\/shop.kustom.ch\/it\/wp-json\/wp\/v2\/product\/502742"}],"collection":[{"href":"https:\/\/shop.kustom.ch\/it\/wp-json\/wp\/v2\/product"}],"about":[{"href":"https:\/\/shop.kustom.ch\/it\/wp-json\/wp\/v2\/types\/product"}],"wp:featuredmedia":[{"embeddable":true,"href":"https:\/\/shop.kustom.ch\/it\/wp-json\/wp\/v2\/media\/502782"}],"wp:attachment":[{"href":"https:\/\/shop.kustom.ch\/it\/wp-json\/wp\/v2\/media?parent=502742"}],"wp:term":[{"taxonomy":"product_brand","embeddable":true,"href":"https:\/\/shop.kustom.ch\/it\/wp-json\/wp\/v2\/product_brand?post=502742"},{"taxonomy":"product_cat","embeddable":true,"href":"https:\/\/shop.kustom.ch\/it\/wp-json\/wp\/v2\/product_cat?post=502742"},{"taxonomy":"product_tag","embeddable":true,"href":"https:\/\/shop.kustom.ch\/it\/wp-json\/wp\/v2\/product_tag?post=502742"}],"curies":[{"name":"wp","href":"https:\/\/api.w.org\/{rel}","templated":true}]}}