{"id":502604,"date":"2025-01-24T23:47:07","date_gmt":"2025-01-24T22:47:07","guid":{"rendered":"https:\/\/shop.kustom.ch\/?post_type=product&#038;p=502604"},"modified":"2026-03-31T11:36:18","modified_gmt":"2026-03-31T10:36:18","slug":"virtue-eco-polo","status":"publish","type":"product","link":"https:\/\/shop.kustom.ch\/it\/prodotto\/virtue-eco-polo\/","title":{"rendered":"Polo Virtue Eco"},"content":{"rendered":"<p>Progettata per una versatilit\u00e0 eccezionale, la Virtue Eco Polo \u00e8 la vostra polo sostenibile preferita per qualsiasi attivit\u00e0. Il poliestere riciclato DryTec\u2122, ultraleggero ed ecocertificato, \u00e8 unito all'elastan per garantire elasticit\u00e0, effetto rinfrescante e protezione solare UPF: il risultato \u00e8 la polo stampata pi\u00f9 versatile, sostenibile e confortevole per voi e per il pianeta.<\/p>\n<p>Materiale: 95% poliestere riciclato, 5% elastan. UPF 25+<\/p>","protected":false},"excerpt":{"rendered":"<p>Das Virtue Eco Polo ist auf aussergew\u00f6hnliche Vielseitigkeit ausgelegt und als Ihr bevorzugtes nachhaltiges Poloshirt f\u00fcr jede Aktivit\u00e4t gedacht. Ultraleichtes, hochwertiges, recyceltes DryTec\u2122-Polyester mit Umweltzertifizierung wird mit Elasthan f\u00fcr Dehnbarkeit, einen k\u00fchlenden Effekt und UPF-Sonnenschutz gemischt, was das vielseitigste, nachhaltigste und bequemste bedruckte Poloshirt f\u00fcr Sie und den Planeten ergibt. Material: 95% recyceltes Polyester, 5% [&hellip;]<\/p>\n","protected":false},"featured_media":502667,"template":"","meta":[],"product_brand":[],"product_cat":[4193],"product_tag":[],"class_list":{"0":"post-502604","1":"product","2":"type-product","3":"status-publish","4":"has-post-thumbnail","6":"product_cat-polos","7":"pa_brand-cutter-buck","8":"pa_brand-type-sportswear","9":"pa_filter-color-blau","10":"pa_filter-color-schwarz","11":"pa_filter-color-weiss","13":"first","14":"instock","15":"sale","16":"taxable","17":"shipping-taxable","18":"purchasable","19":"product-type-variable","20":"add-to-wishlist-before_image"},"exclude_global_add_ons":[],"addons":[],"acf":[],"_links":{"self":[{"href":"https:\/\/shop.kustom.ch\/it\/wp-json\/wp\/v2\/product\/502604"}],"collection":[{"href":"https:\/\/shop.kustom.ch\/it\/wp-json\/wp\/v2\/product"}],"about":[{"href":"https:\/\/shop.kustom.ch\/it\/wp-json\/wp\/v2\/types\/product"}],"wp:featuredmedia":[{"embeddable":true,"href":"https:\/\/shop.kustom.ch\/it\/wp-json\/wp\/v2\/media\/502667"}],"wp:attachment":[{"href":"https:\/\/shop.kustom.ch\/it\/wp-json\/wp\/v2\/media?parent=502604"}],"wp:term":[{"taxonomy":"product_brand","embeddable":true,"href":"https:\/\/shop.kustom.ch\/it\/wp-json\/wp\/v2\/product_brand?post=502604"},{"taxonomy":"product_cat","embeddable":true,"href":"https:\/\/shop.kustom.ch\/it\/wp-json\/wp\/v2\/product_cat?post=502604"},{"taxonomy":"product_tag","embeddable":true,"href":"https:\/\/shop.kustom.ch\/it\/wp-json\/wp\/v2\/product_tag?post=502604"}],"curies":[{"name":"wp","href":"https:\/\/api.w.org\/{rel}","templated":true}]}}