{"id":502603,"date":"2025-01-24T23:47:07","date_gmt":"2025-01-24T22:47:07","guid":{"rendered":"https:\/\/shop.kustom.ch\/?post_type=product&#038;p=502603"},"modified":"2026-03-31T11:34:44","modified_gmt":"2026-03-31T10:34:44","slug":"vernon-v-neck-men","status":"publish","type":"product","link":"https:\/\/shop.kustom.ch\/it\/prodotto\/vernon-v-neck-men\/","title":{"rendered":"Vernon Uomo con scollo a V"},"content":{"rendered":"<p>Elegante e raffinato, questo maglione \u00e8 realizzato con un lussuoso filato misto di pura lana merino e acrilico. Lo scollo a V Vernon crea un look senza tempo, ideale per il business o lo sport chic. Da abbinare a una camicia, a una polo o semplicemente a una T-shirt.<\/p>\n<p>Materiale: 50% lana merino, 50% acrilico<\/p>","protected":false},"excerpt":{"rendered":"<p>Stilvoll und elegant, dieser Pullover ist aus einer luxuri\u00f6sen Garnmischung aus reiner Merinowolle und Acryl gefertigt. Der Vernon V-Neck sorgt f\u00fcr einen zeitlosen Look, ideal f\u00fcr den Business Bereich oder im Sport Chic. Zum kombinieren mit einem Hemd, Polo-Shirt oder nur einem T-Shirt. Material: 50% Merinowolle, 50% Acryl<\/p>","protected":false},"featured_media":502643,"template":"","meta":[],"product_brand":[],"product_cat":[4191],"product_tag":[],"class_list":{"0":"post-502603","1":"product","2":"type-product","3":"status-publish","4":"has-post-thumbnail","6":"product_cat-longsleeves-sweatshirts","7":"pa_brand-cutter-buck","8":"pa_brand-type-sportswear","9":"pa_filter-color-blau","10":"pa_filter-color-grau","11":"pa_filter-color-schwarz","13":"first","14":"instock","15":"sale","16":"taxable","17":"shipping-taxable","18":"purchasable","19":"product-type-variable","20":"add-to-wishlist-before_image"},"exclude_global_add_ons":[],"addons":[],"acf":[],"_links":{"self":[{"href":"https:\/\/shop.kustom.ch\/it\/wp-json\/wp\/v2\/product\/502603"}],"collection":[{"href":"https:\/\/shop.kustom.ch\/it\/wp-json\/wp\/v2\/product"}],"about":[{"href":"https:\/\/shop.kustom.ch\/it\/wp-json\/wp\/v2\/types\/product"}],"wp:featuredmedia":[{"embeddable":true,"href":"https:\/\/shop.kustom.ch\/it\/wp-json\/wp\/v2\/media\/502643"}],"wp:attachment":[{"href":"https:\/\/shop.kustom.ch\/it\/wp-json\/wp\/v2\/media?parent=502603"}],"wp:term":[{"taxonomy":"product_brand","embeddable":true,"href":"https:\/\/shop.kustom.ch\/it\/wp-json\/wp\/v2\/product_brand?post=502603"},{"taxonomy":"product_cat","embeddable":true,"href":"https:\/\/shop.kustom.ch\/it\/wp-json\/wp\/v2\/product_cat?post=502603"},{"taxonomy":"product_tag","embeddable":true,"href":"https:\/\/shop.kustom.ch\/it\/wp-json\/wp\/v2\/product_tag?post=502603"}],"curies":[{"name":"wp","href":"https:\/\/api.w.org\/{rel}","templated":true}]}}