{"id":502533,"date":"2025-01-24T23:46:47","date_gmt":"2025-01-24T22:46:47","guid":{"rendered":"https:\/\/shop.kustom.ch\/?post_type=product&#038;p=502533"},"modified":"2026-03-31T11:45:32","modified_gmt":"2026-03-31T10:45:32","slug":"traverse-hz-ladies","status":"publish","type":"product","link":"https:\/\/shop.kustom.ch\/it\/prodotto\/traverse-hz-ladies\/","title":{"rendered":"Traverse HZ Donna"},"content":{"rendered":"<p>Le strisce aggiungono un tocco di stile, ma \u00e8 il materiale CB DryTec +50 UPF, con le sue propriet\u00e0 di traspirazione e protezione solare, a rendere questa mezza zip qualcosa di veramente speciale. Il tessuto \u00e8 morbido, elastico e traspirante e promette comfort. Altre caratteristiche del design sono il colletto rialzato per la regolazione della temperatura, le cuciture flatlock per il comfort e il bordo riflettente C&amp;B per una maggiore visibilit\u00e0. Traverse \u00e8 semplice ma elegante e rappresenta lo strato intermedio perfetto per le avventure sportive. Oppure abbinatela ai pantaloni chino per un look casual.<\/p>\n<p>Materiale: 90% poliestere, 10% spandex<\/p>","protected":false},"excerpt":{"rendered":"<p>Streifen sorgen f\u00fcr ein stilvolles Flair, aber es ist das CB DryTec +50 UPF Material mit seinen feuchtigkeitsableitenden und sonnensch\u00fctzenden Eigenschaften, das diesen Half Zip zu etwas ganz Besonderem macht. Der Stoff ist weich, dehnbar und atmungsaktiv und verspricht Komfort. Weitere Designmerkmale sind ein Stehkragen zur Temperaturregulierung, Flatlock N\u00e4hte f\u00fcr Komfort und eine reflektierende C&amp;B [&hellip;]<\/p>\n","protected":false},"featured_media":502543,"template":"","meta":[],"product_brand":[],"product_cat":[4191],"product_tag":[],"class_list":{"0":"post-502533","1":"product","2":"type-product","3":"status-publish","4":"has-post-thumbnail","6":"product_cat-longsleeves-sweatshirts","7":"pa_brand-cutter-buck","8":"pa_brand-type-sportswear","9":"pa_filter-color-blau","10":"pa_filter-color-schwarz","11":"pa_filter-color-weiss","13":"first","14":"instock","15":"sale","16":"taxable","17":"shipping-taxable","18":"purchasable","19":"product-type-variable","20":"add-to-wishlist-before_image"},"exclude_global_add_ons":[],"addons":[],"acf":[],"_links":{"self":[{"href":"https:\/\/shop.kustom.ch\/it\/wp-json\/wp\/v2\/product\/502533"}],"collection":[{"href":"https:\/\/shop.kustom.ch\/it\/wp-json\/wp\/v2\/product"}],"about":[{"href":"https:\/\/shop.kustom.ch\/it\/wp-json\/wp\/v2\/types\/product"}],"wp:featuredmedia":[{"embeddable":true,"href":"https:\/\/shop.kustom.ch\/it\/wp-json\/wp\/v2\/media\/502543"}],"wp:attachment":[{"href":"https:\/\/shop.kustom.ch\/it\/wp-json\/wp\/v2\/media?parent=502533"}],"wp:term":[{"taxonomy":"product_brand","embeddable":true,"href":"https:\/\/shop.kustom.ch\/it\/wp-json\/wp\/v2\/product_brand?post=502533"},{"taxonomy":"product_cat","embeddable":true,"href":"https:\/\/shop.kustom.ch\/it\/wp-json\/wp\/v2\/product_cat?post=502533"},{"taxonomy":"product_tag","embeddable":true,"href":"https:\/\/shop.kustom.ch\/it\/wp-json\/wp\/v2\/product_tag?post=502533"}],"curies":[{"name":"wp","href":"https:\/\/api.w.org\/{rel}","templated":true}]}}