{"id":502468,"date":"2025-01-24T23:46:34","date_gmt":"2025-01-24T22:46:34","guid":{"rendered":"https:\/\/shop.kustom.ch\/?post_type=product&#038;p=502468"},"modified":"2026-03-31T11:40:47","modified_gmt":"2026-03-31T10:40:47","slug":"tofino-pants-men","status":"publish","type":"product","link":"https:\/\/shop.kustom.ch\/it\/prodotto\/tofino-pants-men\/","title":{"rendered":"Pantaloni Tofino Uomo"},"content":{"rendered":"<p>I Tofino sono i pantaloni ideali per tutte le occasioni, un capo essenziale del vostro guardaroba casual per gli anni a venire. Sono realizzati in un tessuto tri-blend resistente, sorprendentemente morbido ed elastico per completare la vestibilit\u00e0 slim. I chino sono dotati di tasche posteriori nel modello da uomo e di tasche posteriori applicate nel modello da donna. Tasche sul davanti. Logo ricamato sul lato.<\/p>\n<p>Materiale: 64% viscosa, 31% poliestere, 5% elastan<\/p>","protected":false},"excerpt":{"rendered":"<p>Die Tofino ist die ideale Hose f\u00fcr alle Gelegenheiten, ein wichtiger Artikel in Ihrer Freizeitgarderobe f\u00fcr die n\u00e4chsten Jahre. Sie ist aus einer Tri-Blend Mischung hergestellt, die strapazierf\u00e4hig, \u00fcberraschend weich und stretchig ist, um die Slim Fit-Passform zu erg\u00e4nzen. Die Chinohose ist mit Ges\u00e4sstaschen bei dem Herrenmodell und aufgesetzte Ges\u00e4sstaschen bei dem Frauenmodell ausgestattet. Taschen [&hellip;]<\/p>\n","protected":false},"featured_media":502489,"template":"","meta":[],"product_brand":[],"product_cat":[4185],"product_tag":[],"class_list":{"0":"post-502468","1":"product","2":"type-product","3":"status-publish","4":"has-post-thumbnail","6":"product_cat-hosen","7":"pa_brand-cutter-buck","8":"pa_brand-type-sportswear","9":"pa_filter-color-blau","10":"pa_filter-color-grau","11":"pa_filter-color-schwarz","13":"first","14":"instock","15":"sale","16":"taxable","17":"shipping-taxable","18":"purchasable","19":"product-type-variable","20":"add-to-wishlist-before_image"},"exclude_global_add_ons":[],"addons":[],"acf":[],"_links":{"self":[{"href":"https:\/\/shop.kustom.ch\/it\/wp-json\/wp\/v2\/product\/502468"}],"collection":[{"href":"https:\/\/shop.kustom.ch\/it\/wp-json\/wp\/v2\/product"}],"about":[{"href":"https:\/\/shop.kustom.ch\/it\/wp-json\/wp\/v2\/types\/product"}],"wp:featuredmedia":[{"embeddable":true,"href":"https:\/\/shop.kustom.ch\/it\/wp-json\/wp\/v2\/media\/502489"}],"wp:attachment":[{"href":"https:\/\/shop.kustom.ch\/it\/wp-json\/wp\/v2\/media?parent=502468"}],"wp:term":[{"taxonomy":"product_brand","embeddable":true,"href":"https:\/\/shop.kustom.ch\/it\/wp-json\/wp\/v2\/product_brand?post=502468"},{"taxonomy":"product_cat","embeddable":true,"href":"https:\/\/shop.kustom.ch\/it\/wp-json\/wp\/v2\/product_cat?post=502468"},{"taxonomy":"product_tag","embeddable":true,"href":"https:\/\/shop.kustom.ch\/it\/wp-json\/wp\/v2\/product_tag?post=502468"}],"curies":[{"name":"wp","href":"https:\/\/api.w.org\/{rel}","templated":true}]}}