{"id":502404,"date":"2025-01-24T23:46:09","date_gmt":"2025-01-24T22:46:09","guid":{"rendered":"https:\/\/shop.kustom.ch\/?post_type=product&#038;p=502404"},"modified":"2026-03-31T11:32:48","modified_gmt":"2026-03-31T10:32:48","slug":"sunnyside-cap","status":"publish","type":"product","link":"https:\/\/shop.kustom.ch\/it\/prodotto\/sunnyside-cap\/","title":{"rendered":"Cappello Sunnyside"},"content":{"rendered":"<p>Moderno berretto a 6 pannelli che offre protezione dal sole sul campo da golf. Realizzato con un tessuto strutturato e un lavaggio vintage per un look moderno. La chiusura regolabile in velcro assicura una vestibilit\u00e0 perfetta per tutti.<\/p>\n<p>Materiale: poliestere 100%<\/p>","protected":false},"excerpt":{"rendered":"<p>Moderne 6-Panel-Kappe, die Schutz vor der Sonne auf dem Golfplatz bietet. Hergestellt aus einem strukturierten Stoff und einer Vintage-Waschung f\u00fcr einen modernen Look. Der verstellbare Klettverschluss sorgt f\u00fcr eine perfekte Passform f\u00fcr alle. Material: 100% Polyester<\/p>","protected":false},"featured_media":502445,"template":"","meta":[],"product_brand":[],"product_cat":[4177,4209],"product_tag":[],"class_list":{"0":"post-502404","1":"product","2":"type-product","3":"status-publish","4":"has-post-thumbnail","6":"product_cat-caps-muetzen","7":"product_cat-zubehoer","8":"pa_brand-cutter-buck","9":"pa_brand-type-sportswear","10":"pa_filter-color-beige","11":"pa_filter-color-blau","13":"first","14":"instock","15":"sale","16":"taxable","17":"shipping-taxable","18":"purchasable","19":"product-type-variable","20":"add-to-wishlist-before_image"},"exclude_global_add_ons":[],"addons":[],"acf":[],"_links":{"self":[{"href":"https:\/\/shop.kustom.ch\/it\/wp-json\/wp\/v2\/product\/502404"}],"collection":[{"href":"https:\/\/shop.kustom.ch\/it\/wp-json\/wp\/v2\/product"}],"about":[{"href":"https:\/\/shop.kustom.ch\/it\/wp-json\/wp\/v2\/types\/product"}],"wp:featuredmedia":[{"embeddable":true,"href":"https:\/\/shop.kustom.ch\/it\/wp-json\/wp\/v2\/media\/502445"}],"wp:attachment":[{"href":"https:\/\/shop.kustom.ch\/it\/wp-json\/wp\/v2\/media?parent=502404"}],"wp:term":[{"taxonomy":"product_brand","embeddable":true,"href":"https:\/\/shop.kustom.ch\/it\/wp-json\/wp\/v2\/product_brand?post=502404"},{"taxonomy":"product_cat","embeddable":true,"href":"https:\/\/shop.kustom.ch\/it\/wp-json\/wp\/v2\/product_cat?post=502404"},{"taxonomy":"product_tag","embeddable":true,"href":"https:\/\/shop.kustom.ch\/it\/wp-json\/wp\/v2\/product_tag?post=502404"}],"curies":[{"name":"wp","href":"https:\/\/api.w.org\/{rel}","templated":true}]}}