{"id":502267,"date":"2025-01-24T23:45:31","date_gmt":"2025-01-24T22:45:31","guid":{"rendered":"https:\/\/shop.kustom.ch\/?post_type=product&#038;p=502267"},"modified":"2026-03-31T11:46:14","modified_gmt":"2026-03-31T10:46:14","slug":"stealth-jacket-ladies","status":"publish","type":"product","link":"https:\/\/shop.kustom.ch\/it\/prodotto\/stealth-jacket-ladies\/","title":{"rendered":"Giacca Stealth Donna"},"content":{"rendered":"<p>La giacca ibrida Stealth \u00e8 un incrocio tra una giacca e una felpa, dove sport e casual si incontrano. Le maniche e la schiena sono realizzate in power stretch leggero e morbido, abbinato a un gilet leggermente foderato che protegge dal vento e tiene al caldo. Si adatta perfettamente a una camicia, a una polo o semplicemente come sostituto di un maglione.<\/p>\n<p>Materiale: Materiale esterno 1: 89% poliestere, 11 % elastan, Materiale esterno 2: 100% poliestere, Imbottitura: 100% poliestere<\/p>","protected":false},"excerpt":{"rendered":"<p>Bei der Hybridjacke Stealth treffen Sport und Casual aufeinander, es ist eine Kreuzung von Jacke und Sweatshirt. \u00c4rmel und R\u00fccken aus leichtem und weichem Powerstretch, verbunden mit einer leicht gef\u00fctterten Weste, die vor Wind sch\u00fctzt und angenehm warm h\u00e4lt. Passt perfekt \u00fcber ein Hemd, ein Polo oder einfach als Ersatz f\u00fcr den Sweater. Material: Aussenmaterial [&hellip;]<\/p>\n","protected":false},"featured_media":502312,"template":"","meta":[],"product_brand":[],"product_cat":[4186],"product_tag":[],"class_list":{"0":"post-502267","1":"product","2":"type-product","3":"status-publish","4":"has-post-thumbnail","6":"product_cat-jacken","7":"pa_brand-cutter-buck","8":"pa_brand-type-sportswear","9":"pa_filter-color-blau","10":"pa_filter-color-schwarz","11":"pa_filter-color-weiss","13":"first","14":"instock","15":"sale","16":"taxable","17":"shipping-taxable","18":"purchasable","19":"product-type-variable","20":"add-to-wishlist-before_image"},"exclude_global_add_ons":[],"addons":[],"acf":[],"_links":{"self":[{"href":"https:\/\/shop.kustom.ch\/it\/wp-json\/wp\/v2\/product\/502267"}],"collection":[{"href":"https:\/\/shop.kustom.ch\/it\/wp-json\/wp\/v2\/product"}],"about":[{"href":"https:\/\/shop.kustom.ch\/it\/wp-json\/wp\/v2\/types\/product"}],"wp:featuredmedia":[{"embeddable":true,"href":"https:\/\/shop.kustom.ch\/it\/wp-json\/wp\/v2\/media\/502312"}],"wp:attachment":[{"href":"https:\/\/shop.kustom.ch\/it\/wp-json\/wp\/v2\/media?parent=502267"}],"wp:term":[{"taxonomy":"product_brand","embeddable":true,"href":"https:\/\/shop.kustom.ch\/it\/wp-json\/wp\/v2\/product_brand?post=502267"},{"taxonomy":"product_cat","embeddable":true,"href":"https:\/\/shop.kustom.ch\/it\/wp-json\/wp\/v2\/product_cat?post=502267"},{"taxonomy":"product_tag","embeddable":true,"href":"https:\/\/shop.kustom.ch\/it\/wp-json\/wp\/v2\/product_tag?post=502267"}],"curies":[{"name":"wp","href":"https:\/\/api.w.org\/{rel}","templated":true}]}}