{"id":502131,"date":"2025-01-24T23:44:46","date_gmt":"2025-01-24T22:44:46","guid":{"rendered":"https:\/\/shop.kustom.ch\/?post_type=product&#038;p=502131"},"modified":"2026-03-31T11:46:36","modified_gmt":"2026-03-31T10:46:36","slug":"silverdale-jacket-men","status":"publish","type":"product","link":"https:\/\/shop.kustom.ch\/it\/prodotto\/silverdale-jacket-men\/","title":{"rendered":"Giacca Silverdale Uomo"},"content":{"rendered":"<p>Silverdale \u00e8 una giacca ultra-morbida e confortevole che pu\u00f2 essere indossata ogni giorno in ufficio e durante i viaggi di lavoro. La giacca si trasporta facilmente nel bagaglio a mano e non aggiunge quasi nessun peso aggiuntivo. Abbiamo aggiunto una fodera in Dupont Sorona\u00ae Sustans\u00ae, prodotta con fibre rinnovabili. Il processo di produzione di Sustans\u00ae utilizza 30% di energia in meno e 37% di fibre rinnovabili rispetto alle fodere convenzionali. La giacca \u00e8 dotata di cerniere YKK VISLON\u00ae e cerniere C&amp;B.<\/p>\n<p>Materiale: Materiale esterno: nylon 100%, imbottitura: poliestere 100%, fodera: poliestere 100%.<\/p>","protected":false},"excerpt":{"rendered":"<p>Silverdale ist eine ultraweiche und bequeme Jacke, die jeden Tag im B\u00fcro und auf Gesch\u00e4ftsreisen getragen werden kann. Die Jacke l\u00e4sst sich leicht im Handgep\u00e4ck verstauen und bringt fast kein zus\u00e4tzliches Gewicht mit sich. Wir haben eine F\u00fctterung aus Dupont Sorona\u00aeSustans\u00ae hinzugef\u00fcgt, die aus erneuerbaren Fasern besteht. Der Produktionsprozess von Sustans\u00ae verbraucht 30% weniger Energie [&hellip;]<\/p>\n","protected":false},"featured_media":502186,"template":"","meta":[],"product_brand":[],"product_cat":[4186],"product_tag":[],"class_list":{"0":"post-502131","1":"product","2":"type-product","3":"status-publish","4":"has-post-thumbnail","6":"product_cat-jacken","7":"pa_brand-cutter-buck","8":"pa_brand-type-sportswear","9":"pa_filter-color-blau","10":"pa_filter-color-schwarz","12":"first","13":"instock","14":"sale","15":"taxable","16":"shipping-taxable","17":"purchasable","18":"product-type-variable","19":"add-to-wishlist-before_image"},"exclude_global_add_ons":[],"addons":[],"acf":[],"_links":{"self":[{"href":"https:\/\/shop.kustom.ch\/it\/wp-json\/wp\/v2\/product\/502131"}],"collection":[{"href":"https:\/\/shop.kustom.ch\/it\/wp-json\/wp\/v2\/product"}],"about":[{"href":"https:\/\/shop.kustom.ch\/it\/wp-json\/wp\/v2\/types\/product"}],"wp:featuredmedia":[{"embeddable":true,"href":"https:\/\/shop.kustom.ch\/it\/wp-json\/wp\/v2\/media\/502186"}],"wp:attachment":[{"href":"https:\/\/shop.kustom.ch\/it\/wp-json\/wp\/v2\/media?parent=502131"}],"wp:term":[{"taxonomy":"product_brand","embeddable":true,"href":"https:\/\/shop.kustom.ch\/it\/wp-json\/wp\/v2\/product_brand?post=502131"},{"taxonomy":"product_cat","embeddable":true,"href":"https:\/\/shop.kustom.ch\/it\/wp-json\/wp\/v2\/product_cat?post=502131"},{"taxonomy":"product_tag","embeddable":true,"href":"https:\/\/shop.kustom.ch\/it\/wp-json\/wp\/v2\/product_tag?post=502131"}],"curies":[{"name":"wp","href":"https:\/\/api.w.org\/{rel}","templated":true}]}}