{"id":501921,"date":"2025-01-24T23:43:42","date_gmt":"2025-01-24T22:43:42","guid":{"rendered":"https:\/\/shop.kustom.ch\/?post_type=product&#038;p=501921"},"modified":"2026-03-31T11:38:24","modified_gmt":"2026-03-31T10:38:24","slug":"rainier-vest-ladies","status":"publish","type":"product","link":"https:\/\/shop.kustom.ch\/it\/prodotto\/rainier-vest-ladies\/","title":{"rendered":"Gilet Rainier Donna"},"content":{"rendered":"<p>Questo gilet superleggero e sportivo con isolamento PrimaLoft\u00ae tiene al caldo ed \u00e8 adatto a tutte le stagioni. PrimaLoft\u00ae Silver 60 g \/ m\u00b2. Le finissime fibre PrimaLoft\u00ae sono state sviluppate per essere resistenti all'acqua, in modo che l'isolamento rimanga durevole e mantenga la sua forza. Propriet\u00e0 isolanti anche quando \u00e8 bagnato. Comprimibile, riponibile nella tasca laterale. Vestibilit\u00e0 sportiva attiva con cappuccio nascosto nel colletto interno e cerniere YKK in colore a contrasto.<\/p>\n<p>Materiale: materiale esterno: 100 nylon %, fodera: 100 nylon %, imbottitura: 100 poliestere % Primaloft<\/p>","protected":false},"excerpt":{"rendered":"<p>Diese superleichte, sportliche PrimaLoft\u00ae Isolationsweste h\u00e4lt Sie warm und eignet sich f\u00fcr alle Jahreszeiten. PrimaLoft\u00ae Silver 60 g \/ m\u00b2. Die ultrafeine PrimaLoft\u00ae Fasern wurden so entwickelt, dass sie wasserbest\u00e4ndig sind, sodass Ihre Isolierung best\u00e4ndig bleibt und ihre Festigkeit beh\u00e4lt. Isoliereigenschaften auch im nassen Zustand. Komprimierbar, verstaubar in der Seitentasche. Aktive sportliche Passform mit versteckter [&hellip;]<\/p>\n","protected":false},"featured_media":501962,"template":"","meta":[],"product_brand":[],"product_cat":[4186],"product_tag":[],"class_list":{"0":"post-501921","1":"product","2":"type-product","3":"status-publish","4":"has-post-thumbnail","6":"product_cat-jacken","7":"pa_brand-cutter-buck","8":"pa_brand-type-sportswear","9":"pa_filter-color-grau","10":"pa_filter-color-schwarz","12":"first","13":"instock","14":"sale","15":"taxable","16":"shipping-taxable","17":"purchasable","18":"product-type-variable","19":"add-to-wishlist-before_image"},"exclude_global_add_ons":[],"addons":[],"acf":[],"_links":{"self":[{"href":"https:\/\/shop.kustom.ch\/it\/wp-json\/wp\/v2\/product\/501921"}],"collection":[{"href":"https:\/\/shop.kustom.ch\/it\/wp-json\/wp\/v2\/product"}],"about":[{"href":"https:\/\/shop.kustom.ch\/it\/wp-json\/wp\/v2\/types\/product"}],"wp:featuredmedia":[{"embeddable":true,"href":"https:\/\/shop.kustom.ch\/it\/wp-json\/wp\/v2\/media\/501962"}],"wp:attachment":[{"href":"https:\/\/shop.kustom.ch\/it\/wp-json\/wp\/v2\/media?parent=501921"}],"wp:term":[{"taxonomy":"product_brand","embeddable":true,"href":"https:\/\/shop.kustom.ch\/it\/wp-json\/wp\/v2\/product_brand?post=501921"},{"taxonomy":"product_cat","embeddable":true,"href":"https:\/\/shop.kustom.ch\/it\/wp-json\/wp\/v2\/product_cat?post=501921"},{"taxonomy":"product_tag","embeddable":true,"href":"https:\/\/shop.kustom.ch\/it\/wp-json\/wp\/v2\/product_tag?post=501921"}],"curies":[{"name":"wp","href":"https:\/\/api.w.org\/{rel}","templated":true}]}}