{"id":501851,"date":"2025-01-24T23:43:17","date_gmt":"2025-01-24T22:43:17","guid":{"rendered":"https:\/\/shop.kustom.ch\/?post_type=product&#038;p=501851"},"modified":"2026-03-31T11:47:28","modified_gmt":"2026-03-31T10:47:28","slug":"pendleton-jacket-men","status":"publish","type":"product","link":"https:\/\/shop.kustom.ch\/it\/prodotto\/pendleton-jacket-men\/","title":{"rendered":"Giacca Pendleton Uomo"},"content":{"rendered":"<p>La sartoria moderna incontra un classico look sportivo in questa giacca Pendleton con trapuntatura a rombi, dettagli sulle spalle e dettagli laterali cuciti. La fodera in Sustans\u00ae di DupontTM e Sorona\u00ae conferisce alla giacca un impressionante rapporto calore\/peso che vi terr\u00e0 caldi e comodi nelle giornate fredde e frizzanti. Presenta una cerniera YKK a due vie in metallo ossidato nero. Due pratiche tasche laterali in morbido pile con cerniera YKK e un'ulteriore tasca con cerniera nella giacca offrono ampio spazio per tutti i vostri oggetti essenziali.<\/p>\n<p>Materiale: poliestere 100%<\/p>","protected":false},"excerpt":{"rendered":"<p>Modernes Schneiderhandwerk trifft auf einen klassisch sportlichen Look in dieser Pendleton Jacke mit moderner Rautensteppung, Schulterdetails und eingen\u00e4hten Seitendetails. Die Sustans\u00ae F\u00fctterung von DupontTM und Sorona\u00ae verleiht der Jacke ein beeindruckendes W\u00e4rme Gewichts Verh\u00e4ltnis, das Sie an kalten, frischen Tagen warm und komfortabel h\u00e4lt. Verf\u00fcgt \u00fcber einen YKK Zwei Wege Reissverschluss in Schwarzoxid Metalloptik. Zwei [&hellip;]<\/p>\n","protected":false},"featured_media":501874,"template":"","meta":[],"product_brand":[],"product_cat":[4186],"product_tag":[],"class_list":{"0":"post-501851","1":"product","2":"type-product","3":"status-publish","4":"has-post-thumbnail","6":"product_cat-jacken","7":"pa_brand-cutter-buck","8":"pa_brand-type-sportswear","9":"pa_filter-color-blau","10":"pa_filter-color-schwarz","12":"first","13":"instock","14":"sale","15":"taxable","16":"shipping-taxable","17":"purchasable","18":"product-type-variable","19":"add-to-wishlist-before_image"},"exclude_global_add_ons":[],"addons":[],"acf":[],"_links":{"self":[{"href":"https:\/\/shop.kustom.ch\/it\/wp-json\/wp\/v2\/product\/501851"}],"collection":[{"href":"https:\/\/shop.kustom.ch\/it\/wp-json\/wp\/v2\/product"}],"about":[{"href":"https:\/\/shop.kustom.ch\/it\/wp-json\/wp\/v2\/types\/product"}],"wp:featuredmedia":[{"embeddable":true,"href":"https:\/\/shop.kustom.ch\/it\/wp-json\/wp\/v2\/media\/501874"}],"wp:attachment":[{"href":"https:\/\/shop.kustom.ch\/it\/wp-json\/wp\/v2\/media?parent=501851"}],"wp:term":[{"taxonomy":"product_brand","embeddable":true,"href":"https:\/\/shop.kustom.ch\/it\/wp-json\/wp\/v2\/product_brand?post=501851"},{"taxonomy":"product_cat","embeddable":true,"href":"https:\/\/shop.kustom.ch\/it\/wp-json\/wp\/v2\/product_cat?post=501851"},{"taxonomy":"product_tag","embeddable":true,"href":"https:\/\/shop.kustom.ch\/it\/wp-json\/wp\/v2\/product_tag?post=501851"}],"curies":[{"name":"wp","href":"https:\/\/api.w.org\/{rel}","templated":true}]}}