{"id":501782,"date":"2025-01-24T23:42:58","date_gmt":"2025-01-24T22:42:58","guid":{"rendered":"https:\/\/shop.kustom.ch\/?post_type=product&#038;p=501782"},"modified":"2026-03-31T11:34:56","modified_gmt":"2026-03-31T10:34:56","slug":"pemberton-hood-fz-men","status":"publish","type":"product","link":"https:\/\/shop.kustom.ch\/it\/prodotto\/pemberton-hood-fz-men\/","title":{"rendered":"Pemberton Cappuccio FZ Uomo"},"content":{"rendered":"<p>Pemberton \u00e8 la nostra iconica giacca con cappuccio realizzata in maglia doppia elastica, leggera ed ecologica con poliestere riciclato fino a 70%. Un capo perfetto per tutto l'anno. Il collo alto con cappuccio protegge dal vento freddo e il cappuccio pu\u00f2 essere facilmente regolato con le coulisse. Dotato di due tasche anteriori con zip. Ricamo del logo CUTTER &amp; BUCK sul bordo del cappuccio.<\/p>\n<p>Materiale: 66% poliestere riciclato, 4% poliestere, 26% viscosa, 4% elastan (99), 70% poliestere riciclato, 26% viscosa 4% elastan (580, 96), CB DryTec 50 UPF<\/p>","protected":false},"excerpt":{"rendered":"<p>Pemberton ist unsere ikonische Kapuzenjacke aus dehnbarem, leichtem und umweltfreundlichem Doppelstrick mit bis zu 70% recyceltem Polyester. Das perfekte Kleidungsst\u00fcck f\u00fcr das ganze Jahr. Der hohe Kapuzenkragen sch\u00fctzt Sie vor kaltem Wind, und die Kapuze l\u00e4sst sich mit den Kordelz\u00fcgen leicht verstellen. Ausgestattet mit zwei Reissverschlusstaschen vorne. CUTTER &amp; BUCK Logo Stickerei am Kapuzenrand. Material: [&hellip;]<\/p>\n","protected":false},"featured_media":501824,"template":"","meta":[],"product_brand":[],"product_cat":[4184],"product_tag":[],"class_list":{"0":"post-501782","1":"product","2":"type-product","3":"status-publish","4":"has-post-thumbnail","6":"product_cat-hoodies-pullover","7":"pa_brand-cutter-buck","8":"pa_brand-type-sportswear","9":"pa_filter-color-blau","10":"pa_filter-color-gruen","11":"pa_filter-color-schwarz","13":"first","14":"instock","15":"sale","16":"taxable","17":"shipping-taxable","18":"purchasable","19":"product-type-variable","20":"add-to-wishlist-before_image"},"exclude_global_add_ons":[],"addons":[],"acf":[],"_links":{"self":[{"href":"https:\/\/shop.kustom.ch\/it\/wp-json\/wp\/v2\/product\/501782"}],"collection":[{"href":"https:\/\/shop.kustom.ch\/it\/wp-json\/wp\/v2\/product"}],"about":[{"href":"https:\/\/shop.kustom.ch\/it\/wp-json\/wp\/v2\/types\/product"}],"wp:featuredmedia":[{"embeddable":true,"href":"https:\/\/shop.kustom.ch\/it\/wp-json\/wp\/v2\/media\/501824"}],"wp:attachment":[{"href":"https:\/\/shop.kustom.ch\/it\/wp-json\/wp\/v2\/media?parent=501782"}],"wp:term":[{"taxonomy":"product_brand","embeddable":true,"href":"https:\/\/shop.kustom.ch\/it\/wp-json\/wp\/v2\/product_brand?post=501782"},{"taxonomy":"product_cat","embeddable":true,"href":"https:\/\/shop.kustom.ch\/it\/wp-json\/wp\/v2\/product_cat?post=501782"},{"taxonomy":"product_tag","embeddable":true,"href":"https:\/\/shop.kustom.ch\/it\/wp-json\/wp\/v2\/product_tag?post=501782"}],"curies":[{"name":"wp","href":"https:\/\/api.w.org\/{rel}","templated":true}]}}