{"id":501575,"date":"2025-01-24T23:41:54","date_gmt":"2025-01-24T22:41:54","guid":{"rendered":"https:\/\/shop.kustom.ch\/?post_type=product&#038;p=501575"},"modified":"2026-03-31T11:39:58","modified_gmt":"2026-03-31T10:39:58","slug":"ozette-vest-ladies","status":"publish","type":"product","link":"https:\/\/shop.kustom.ch\/it\/prodotto\/ozette-vest-ladies\/","title":{"rendered":"Gilet Ozette Donna"},"content":{"rendered":"<p>Questo gilet \u00e8 leggerissimo e caldo, ed \u00e8 il compagno ideale per i viaggi. Ozette \u00e8 isolato con un'imbottitura Primaloft Black Eco\u00ae di alta qualit\u00e0 realizzata con materiale riciclato e il tessuto \u00e8 realizzato con un resistente filato di nylon riciclato. Due tasche con zip sul davanti. Linee verticali trapuntate per una vestibilit\u00e0 perfetta.<\/p>\n<p>Materiale: Tessuto: 100% Nylon riciclato, Imbottitura: 100% Poliestere Primaloft\u00ae Nero Eco<\/p>","protected":false},"excerpt":{"rendered":"<p>Diese Weste ist superleicht und warm, so dass sie auf Reisen der ideale Begleiter ist. Ozette ist mit hochwertiger Primaloft Black Eco\u00ae F\u00fctterung aus recyceltem Material isoliert und der Stoff ist aus langlebigem, recyceltem Nylongarn gewebt. Zwei Reissverschlusstaschen auf der Vorderseite. Vertikale gesteppte Linien f\u00fcr eine schmeichelhafte Passform. Material: Stoff: 100% Nylon Recycelt, Wattierung: 100% [&hellip;]<\/p>\n","protected":false},"featured_media":501615,"template":"","meta":[],"product_brand":[],"product_cat":[4208],"product_tag":[],"class_list":{"0":"post-501575","1":"product","2":"type-product","3":"status-publish","4":"has-post-thumbnail","6":"product_cat-westen","7":"pa_brand-cutter-buck","8":"pa_brand-type-sportswear","9":"pa_filter-color-blau","10":"pa_filter-color-schwarz","12":"first","13":"instock","14":"sale","15":"taxable","16":"shipping-taxable","17":"purchasable","18":"product-type-variable","19":"add-to-wishlist-before_image"},"exclude_global_add_ons":[],"addons":[],"acf":[],"_links":{"self":[{"href":"https:\/\/shop.kustom.ch\/it\/wp-json\/wp\/v2\/product\/501575"}],"collection":[{"href":"https:\/\/shop.kustom.ch\/it\/wp-json\/wp\/v2\/product"}],"about":[{"href":"https:\/\/shop.kustom.ch\/it\/wp-json\/wp\/v2\/types\/product"}],"wp:featuredmedia":[{"embeddable":true,"href":"https:\/\/shop.kustom.ch\/it\/wp-json\/wp\/v2\/media\/501615"}],"wp:attachment":[{"href":"https:\/\/shop.kustom.ch\/it\/wp-json\/wp\/v2\/media?parent=501575"}],"wp:term":[{"taxonomy":"product_brand","embeddable":true,"href":"https:\/\/shop.kustom.ch\/it\/wp-json\/wp\/v2\/product_brand?post=501575"},{"taxonomy":"product_cat","embeddable":true,"href":"https:\/\/shop.kustom.ch\/it\/wp-json\/wp\/v2\/product_cat?post=501575"},{"taxonomy":"product_tag","embeddable":true,"href":"https:\/\/shop.kustom.ch\/it\/wp-json\/wp\/v2\/product_tag?post=501575"}],"curies":[{"name":"wp","href":"https:\/\/api.w.org\/{rel}","templated":true}]}}