{"id":501232,"date":"2025-01-24T23:40:24","date_gmt":"2025-01-24T22:40:24","guid":{"rendered":"https:\/\/shop.kustom.ch\/?post_type=product&#038;p=501232"},"modified":"2026-03-31T11:36:34","modified_gmt":"2026-03-31T10:36:34","slug":"oakville-cardigan-ladies","status":"publish","type":"product","link":"https:\/\/shop.kustom.ch\/it\/prodotto\/oakville-cardigan-ladies\/","title":{"rendered":"Oakville Cardigan Donna"},"content":{"rendered":"<p>Cardigan con abbottonatura e orlo e polsini a coste. Realizzato con la stessa morbida qualit\u00e0 degli altri prodotti della linea Oakville. Questo cardigan da donna \u00e8 il compagno perfetto per ogni occasione.<\/p>\n<p>Materiale: 80% cotone, 20% nylon<\/p>","protected":false},"excerpt":{"rendered":"<p>Strickjacke mit Knopfleiste und Rippenb\u00fcndchen am Saum und \u00c4rmel. Hergestellt in der gleichen weichen Qualit\u00e4t wie die anderen Produkte der Oakville Linie. Dieser Cardigan f\u00fcr Damen ist der perfekte Begleiter zu jedem Anlass. Material: 80% Baumwolle, 20% Nylon<\/p>","protected":false},"featured_media":501293,"template":"","meta":[],"product_brand":[],"product_cat":[4191],"product_tag":[],"class_list":{"0":"post-501232","1":"product","2":"type-product","3":"status-publish","4":"has-post-thumbnail","6":"product_cat-longsleeves-sweatshirts","7":"pa_brand-cutter-buck","8":"pa_brand-type-sportswear","9":"pa_filter-color-blau","10":"pa_filter-color-schwarz","12":"first","13":"instock","14":"sale","15":"taxable","16":"shipping-taxable","17":"purchasable","18":"product-type-variable","19":"add-to-wishlist-before_image"},"exclude_global_add_ons":[],"addons":[],"acf":[],"_links":{"self":[{"href":"https:\/\/shop.kustom.ch\/it\/wp-json\/wp\/v2\/product\/501232"}],"collection":[{"href":"https:\/\/shop.kustom.ch\/it\/wp-json\/wp\/v2\/product"}],"about":[{"href":"https:\/\/shop.kustom.ch\/it\/wp-json\/wp\/v2\/types\/product"}],"wp:featuredmedia":[{"embeddable":true,"href":"https:\/\/shop.kustom.ch\/it\/wp-json\/wp\/v2\/media\/501293"}],"wp:attachment":[{"href":"https:\/\/shop.kustom.ch\/it\/wp-json\/wp\/v2\/media?parent=501232"}],"wp:term":[{"taxonomy":"product_brand","embeddable":true,"href":"https:\/\/shop.kustom.ch\/it\/wp-json\/wp\/v2\/product_brand?post=501232"},{"taxonomy":"product_cat","embeddable":true,"href":"https:\/\/shop.kustom.ch\/it\/wp-json\/wp\/v2\/product_cat?post=501232"},{"taxonomy":"product_tag","embeddable":true,"href":"https:\/\/shop.kustom.ch\/it\/wp-json\/wp\/v2\/product_tag?post=501232"}],"curies":[{"name":"wp","href":"https:\/\/api.w.org\/{rel}","templated":true}]}}