{"id":501230,"date":"2025-01-24T23:40:24","date_gmt":"2025-01-24T22:40:24","guid":{"rendered":"https:\/\/shop.kustom.ch\/?post_type=product&#038;p=501230"},"modified":"2026-03-31T11:37:00","modified_gmt":"2026-03-31T10:37:00","slug":"oak-harbor-vest-ladies","status":"publish","type":"product","link":"https:\/\/shop.kustom.ch\/it\/prodotto\/oak-harbor-vest-ladies\/","title":{"rendered":"Gilet Oak Harbor Donna"},"content":{"rendered":"<p>Oak Harbor, il nostro gilet ibrido che offre il perfetto equilibrio tra calore, stile e consapevolezza ambientale. I fianchi in poliestere elasticizzato offrono una totale libert\u00e0 di movimento. I pannelli anteriori e posteriori, trapuntati e riscaldanti, sono isolati con imbottitura Sustans\u00ae realizzata con fibre rinnovabili DuPont\u2122 Sorona\u00ae. Completamente chiusa da una zip frontale autobloccante e da tasche. Indossatelo come strato sopra un maglione Oakville o la Traverse Half Zip.<\/p>\n<p>Materiale: Materiale 1: 100% poliestere riciclato; Materiale 2: 100% poliestere riciclato softshell<\/p>","protected":false},"excerpt":{"rendered":"<p>Oak Harbor, unsere Hybridweste, die die perfekte Balance zwischen W\u00e4rme, Stil und Umweltbewusstsein bietet. Die Seiten aus Stretch-Polyester erm\u00f6glichen Ihnen absolute Bewegungsfreiheit. Das gesteppte und w\u00e4rmende Vorder- und R\u00fcckenteil ist mit Sustans\u00ae-Polsterung aus erneuerbaren Fasern von DuPont\u2122 Sorona\u00ae isoliert. Vollst\u00e4ndig mit einem Auto-Lock-Reissverschlussschieber vorne und Taschen versehen. Tragen Sie sie als Schicht \u00fcber einem Oakville-Sweater [&hellip;]<\/p>\n","protected":false},"featured_media":501255,"template":"","meta":[],"product_brand":[],"product_cat":[4208],"product_tag":[],"class_list":{"0":"post-501230","1":"product","2":"type-product","3":"status-publish","4":"has-post-thumbnail","6":"product_cat-westen","7":"pa_brand-cutter-buck","8":"pa_brand-type-sportswear","9":"pa_filter-color-blau","10":"pa_filter-color-grau","12":"first","13":"instock","14":"sale","15":"taxable","16":"shipping-taxable","17":"purchasable","18":"product-type-variable","19":"add-to-wishlist-before_image"},"exclude_global_add_ons":[],"addons":[],"acf":[],"_links":{"self":[{"href":"https:\/\/shop.kustom.ch\/it\/wp-json\/wp\/v2\/product\/501230"}],"collection":[{"href":"https:\/\/shop.kustom.ch\/it\/wp-json\/wp\/v2\/product"}],"about":[{"href":"https:\/\/shop.kustom.ch\/it\/wp-json\/wp\/v2\/types\/product"}],"wp:featuredmedia":[{"embeddable":true,"href":"https:\/\/shop.kustom.ch\/it\/wp-json\/wp\/v2\/media\/501255"}],"wp:attachment":[{"href":"https:\/\/shop.kustom.ch\/it\/wp-json\/wp\/v2\/media?parent=501230"}],"wp:term":[{"taxonomy":"product_brand","embeddable":true,"href":"https:\/\/shop.kustom.ch\/it\/wp-json\/wp\/v2\/product_brand?post=501230"},{"taxonomy":"product_cat","embeddable":true,"href":"https:\/\/shop.kustom.ch\/it\/wp-json\/wp\/v2\/product_cat?post=501230"},{"taxonomy":"product_tag","embeddable":true,"href":"https:\/\/shop.kustom.ch\/it\/wp-json\/wp\/v2\/product_tag?post=501230"}],"curies":[{"name":"wp","href":"https:\/\/api.w.org\/{rel}","templated":true}]}}